{"id":7059,"date":"2025-11-22T19:39:48","date_gmt":"2025-11-22T19:39:48","guid":{"rendered":"https:\/\/natation.ch\/product\/venom-hero-man-tiffany-pink\/"},"modified":"2025-11-22T19:39:48","modified_gmt":"2025-11-22T19:39:48","slug":"venom-hero-man-tiffany-pink","status":"publish","type":"product","link":"https:\/\/natation.ch\/de\/produkt\/venom-hero-man-tiffany-pink\/","title":{"rendered":"Venom Hero Man Tiffany Pink"},"content":{"rendered":"<p>V = Geschwindigkeit &#8211; unser erstes Ziel bei der Entwicklung dieses Produkts: den leistungsst\u00e4rksten Rennanzug aller Zeiten zu entwickeln; E = Engineering &#8211; das Ergebnis der Chorarbeit unserer Forschungs- und Entwicklungsabteilung; N = neu &#8211; neu in seiner Kategorie, neu in seiner Technologie, neu in seinem Design; O = Original &#8211; original von AKRON; M = Herstellung &#8211; da 100 % unserer Rennsportkollektion stolz in Italien hergestellt werden. FINA-Zulassung: FINA-gepr\u00fcft f\u00fcr nationale und internationale Schwimmwettbewerbe. FINA-gepr\u00fcfte Badeanz\u00fcge haben einen einzigartigen FINA-Barcode auf den Badeanzug gedruckt, wodurch er f\u00fcr Schwimmfunktion\u00e4re leicht identifizierbar ist. VENOM wurde f\u00fcr Geschwindigkeit entwickelt und wird die &#8220;Premium&#8221;-Linie von AKRON repr\u00e4sentieren. Die flache, ergonomische Konstruktion der Schwei\u00dfnaht tr\u00e4gt dazu bei, wichtige Muskelgruppen schneller zu regenerieren und die Kompressionsschichten zu verdoppeln. Das Design des \u00e4u\u00dferen Bandes soll hydrodynamische Turbulenzen verbessern, das Eindringen von Wasser reduzieren und das Gleiten f\u00f6rdern. Das verspiegelte Doppel-C-Band bietet das Gef\u00fchl, das Becken beim Schwimmen anzuheben, und eine gro\u00dfe Bewegungsfreiheit.      <\/p>\n","protected":false},"excerpt":{"rendered":"<p>Akron<br \/>\nRennanzug<\/p>\n","protected":false},"featured_media":7052,"comment_status":"closed","ping_status":"closed","template":"","meta":[],"product_brand":[328],"product_cat":[98,93,338],"product_tag":[],"class_list":{"0":"post-7059","1":"product","2":"type-product","3":"status-publish","4":"has-post-thumbnail","6":"product_brand-akron","7":"product_cat-mannlich","8":"product_cat-racing","9":"product_cat-sales","11":"first","12":"instock","13":"sale","14":"shipping-taxable","15":"purchasable","16":"product-type-variable"},"_links":{"self":[{"href":"https:\/\/natation.ch\/de\/wp-json\/wp\/v2\/product\/7059","targetHints":{"allow":["GET"]}}],"collection":[{"href":"https:\/\/natation.ch\/de\/wp-json\/wp\/v2\/product"}],"about":[{"href":"https:\/\/natation.ch\/de\/wp-json\/wp\/v2\/types\/product"}],"replies":[{"embeddable":true,"href":"https:\/\/natation.ch\/de\/wp-json\/wp\/v2\/comments?post=7059"}],"wp:featuredmedia":[{"embeddable":true,"href":"https:\/\/natation.ch\/de\/wp-json\/wp\/v2\/media\/7052"}],"wp:attachment":[{"href":"https:\/\/natation.ch\/de\/wp-json\/wp\/v2\/media?parent=7059"}],"wp:term":[{"taxonomy":"product_brand","embeddable":true,"href":"https:\/\/natation.ch\/de\/wp-json\/wp\/v2\/product_brand?post=7059"},{"taxonomy":"product_cat","embeddable":true,"href":"https:\/\/natation.ch\/de\/wp-json\/wp\/v2\/product_cat?post=7059"},{"taxonomy":"product_tag","embeddable":true,"href":"https:\/\/natation.ch\/de\/wp-json\/wp\/v2\/product_tag?post=7059"}],"curies":[{"name":"wp","href":"https:\/\/api.w.org\/{rel}","templated":true}]}}