{"id":6946,"date":"2025-11-22T14:51:34","date_gmt":"2025-11-22T14:51:34","guid":{"rendered":"https:\/\/natation.ch\/product\/neoprene-hood\/"},"modified":"2026-01-06T14:38:54","modified_gmt":"2026-01-06T14:38:54","slug":"neoprene-hood","status":"publish","type":"product","link":"https:\/\/natation.ch\/de\/produkt\/neoprene-hood\/","title":{"rendered":"Neoprenhaube"},"content":{"rendered":"<p>Extra W\u00e4rme<\/p>\n<p>Das Thermal X-Thermofutter bietet zus\u00e4tzliche W\u00e4rme, speichert die W\u00e4rme und vermeidet W\u00e4rmeverluste w\u00e4hrend des gesamten Trainings. Dar\u00fcber hinaus bietet der Nackenschutz eine W\u00e4rmeisolierung und minimiert den Kontakt des K\u00f6rpers mit kaltem Wasser. <\/p>\n<p>Komfort<br \/>\nDie Form dieses Produkts sorgt f\u00fcr einen perfekten Sitz auf Ihrem Kopf, sodass es w\u00e4hrend des Trainings an Ort und Stelle bleibt. Dar\u00fcber hinaus bietet das weiche Futter zus\u00e4tzlichen Komfort. <\/p>\n<p>Wasserdicht<br \/>\nDer Nackenschutz verhindert das Eindringen von Wasser in den Brustbereich und tr\u00e4gt so zur Aufrechterhaltung der K\u00f6rpertemperatur bei.<\/p>\n","protected":false},"excerpt":{"rendered":"<p>Diese thermische Neoprenhaube hilft Ihnen, mit dem k\u00e4ltesten Wasser fertig zu werden, und bietet maximale W\u00e4rmeisolierung f\u00fcr Kopf und Nacken.<\/p>\n<p>Orca<\/p>\n","protected":false},"featured_media":533,"comment_status":"closed","ping_status":"closed","template":"","meta":[],"product_brand":[331],"product_cat":[64,58],"product_tag":[],"class_list":{"0":"post-6946","1":"product","2":"type-product","3":"status-publish","4":"has-post-thumbnail","6":"product_brand-orca","7":"product_cat-kappen","8":"product_cat-zubehor","10":"first","11":"instock","12":"shipping-taxable","13":"purchasable","14":"product-type-variable"},"_links":{"self":[{"href":"https:\/\/natation.ch\/de\/wp-json\/wp\/v2\/product\/6946","targetHints":{"allow":["GET"]}}],"collection":[{"href":"https:\/\/natation.ch\/de\/wp-json\/wp\/v2\/product"}],"about":[{"href":"https:\/\/natation.ch\/de\/wp-json\/wp\/v2\/types\/product"}],"replies":[{"embeddable":true,"href":"https:\/\/natation.ch\/de\/wp-json\/wp\/v2\/comments?post=6946"}],"wp:featuredmedia":[{"embeddable":true,"href":"https:\/\/natation.ch\/de\/wp-json\/wp\/v2\/media\/533"}],"wp:attachment":[{"href":"https:\/\/natation.ch\/de\/wp-json\/wp\/v2\/media?parent=6946"}],"wp:term":[{"taxonomy":"product_brand","embeddable":true,"href":"https:\/\/natation.ch\/de\/wp-json\/wp\/v2\/product_brand?post=6946"},{"taxonomy":"product_cat","embeddable":true,"href":"https:\/\/natation.ch\/de\/wp-json\/wp\/v2\/product_cat?post=6946"},{"taxonomy":"product_tag","embeddable":true,"href":"https:\/\/natation.ch\/de\/wp-json\/wp\/v2\/product_tag?post=6946"}],"curies":[{"name":"wp","href":"https:\/\/api.w.org\/{rel}","templated":true}]}}