{"id":6392,"date":"2025-11-22T19:41:09","date_gmt":"2025-11-22T19:41:09","guid":{"rendered":"https:\/\/natation.ch\/product\/3x300m-stoppuhr\/"},"modified":"2025-11-22T19:41:09","modified_gmt":"2025-11-22T19:41:09","slug":"3x300m-stoppuhr","status":"publish","type":"product","link":"https:\/\/natation.ch\/de\/produkt\/3x300m-stoppuhr\/","title":{"rendered":"3x300m Stoppuhr"},"content":{"rendered":"<p>STOPPUHR MIT ZWISCHENZEITEN: Erm\u00f6glicht 300 Zwischenzeiten und die \u00dcberpr\u00fcfung von kumulativen und Runden-Zwischenzeiten; Zeigt deutlich die aktuelle Zwischenzeit und die Anzahl der bereits genommenen Zwischenzeiten an<br \/>\nLEICHT ABLESBAR: Zeigt deutlich die kumulative Laufzeit und die aktuelle Rundenlaufzeit an<br \/>\nAKTIVE ZEIT\u00dcBERPR\u00dcFUNG: Erm\u00f6glicht die \u00dcberpr\u00fcfung des aktuellen Speichers w\u00e4hrend der Zwischenzeitnahme; Die Uhr muss nicht angehalten werden, um den Speicher zu \u00fcberpr\u00fcfen<br \/>\nSCHLAGFREQUENZ-MODUS: Berechnet automatisch die Schlag-\/Schrittfrequenz; Programmiert f\u00fcr jeden 3. Schlag\/Schritt<br \/>\nLANGLEBIG: Die Batterielebensdauer bietet eine Nutzungsdauer von ca. 5 Jahren<\/p>\n","protected":false},"excerpt":{"rendered":"<p>Finis<br \/>\n300 Zwischenzeiten-Stoppuhr<\/p>\n","protected":false},"featured_media":6389,"comment_status":"closed","ping_status":"closed","template":"","meta":[],"product_brand":[327],"product_cat":[83,73,338],"product_tag":[],"class_list":{"0":"post-6392","1":"product","2":"type-product","3":"status-publish","4":"has-post-thumbnail","6":"product_brand-finis","7":"product_cat-andere-ausruestung","8":"product_cat-equipment","9":"product_cat-sales","11":"first","12":"instock","13":"sale","14":"shipping-taxable","15":"purchasable","16":"product-type-simple"},"_links":{"self":[{"href":"https:\/\/natation.ch\/de\/wp-json\/wp\/v2\/product\/6392","targetHints":{"allow":["GET"]}}],"collection":[{"href":"https:\/\/natation.ch\/de\/wp-json\/wp\/v2\/product"}],"about":[{"href":"https:\/\/natation.ch\/de\/wp-json\/wp\/v2\/types\/product"}],"replies":[{"embeddable":true,"href":"https:\/\/natation.ch\/de\/wp-json\/wp\/v2\/comments?post=6392"}],"wp:featuredmedia":[{"embeddable":true,"href":"https:\/\/natation.ch\/de\/wp-json\/wp\/v2\/media\/6389"}],"wp:attachment":[{"href":"https:\/\/natation.ch\/de\/wp-json\/wp\/v2\/media?parent=6392"}],"wp:term":[{"taxonomy":"product_brand","embeddable":true,"href":"https:\/\/natation.ch\/de\/wp-json\/wp\/v2\/product_brand?post=6392"},{"taxonomy":"product_cat","embeddable":true,"href":"https:\/\/natation.ch\/de\/wp-json\/wp\/v2\/product_cat?post=6392"},{"taxonomy":"product_tag","embeddable":true,"href":"https:\/\/natation.ch\/de\/wp-json\/wp\/v2\/product_tag?post=6392"}],"curies":[{"name":"wp","href":"https:\/\/api.w.org\/{rel}","templated":true}]}}