{"id":6070,"date":"2025-11-22T19:41:32","date_gmt":"2025-11-22T19:41:32","guid":{"rendered":"https:\/\/natation.ch\/product\/predator-flex-polarisiert\/"},"modified":"2025-11-22T19:41:32","modified_gmt":"2025-11-22T19:41:32","slug":"predator-flex-polarisiert","status":"publish","type":"product","link":"https:\/\/natation.ch\/de\/produkt\/predator-flex-polarisiert\/","title":{"rendered":"Predator Flex polarisiert"},"content":{"rendered":"<p>Regul\u00e4re Passform und kleineres Profil<br \/>\nExklusive Advanced Ultra Fit\u2122 Dichtung, entwickelt, um den Druck um die Augenh\u00f6hle zu reduzieren und au\u00dfergew\u00f6hnlichen Komfort zu bieten<br \/>\nPolarisierte Gl\u00e4ser, ideal f\u00fcr hohe Lichtverh\u00e4ltnisse<br \/>\nCLT\u2122 \u2013 Curved Lens Technology bietet 180-Grad-Peripheriesicht<br \/>\nAnti-Beschlag-Gl\u00e4ser, um klares Schwimmen zu gew\u00e4hrleisten<br \/>\nUV-Schutz, um Ihre Augen vor hoher Lichteinstrahlung und sch\u00e4dlichen UV-Strahlen zu sch\u00fctzen<br \/>\n3D Flexpoint f\u00fcr eine noch bessere Passform<br \/>\nGeteiltes Band f\u00fcr noch mehr Sicherheit<br \/>\nSchnell verstellbares Band f\u00fcr den aktiven Schwimmer<br \/>\nFina-zugelassen<\/p>\n","protected":false},"excerpt":{"rendered":"<p>Schwarz Rot<br \/>\nZoggs<\/p>\n","protected":false},"featured_media":6066,"comment_status":"closed","ping_status":"closed","template":"","meta":[],"product_brand":[558],"product_cat":[73,76],"product_tag":[],"class_list":{"0":"post-6070","1":"product","2":"type-product","3":"status-publish","4":"has-post-thumbnail","6":"product_brand-zoggs","7":"product_cat-equipment","8":"product_cat-schwimbrille","10":"first","11":"instock","12":"sale","13":"shipping-taxable","14":"purchasable","15":"product-type-simple"},"_links":{"self":[{"href":"https:\/\/natation.ch\/de\/wp-json\/wp\/v2\/product\/6070","targetHints":{"allow":["GET"]}}],"collection":[{"href":"https:\/\/natation.ch\/de\/wp-json\/wp\/v2\/product"}],"about":[{"href":"https:\/\/natation.ch\/de\/wp-json\/wp\/v2\/types\/product"}],"replies":[{"embeddable":true,"href":"https:\/\/natation.ch\/de\/wp-json\/wp\/v2\/comments?post=6070"}],"wp:featuredmedia":[{"embeddable":true,"href":"https:\/\/natation.ch\/de\/wp-json\/wp\/v2\/media\/6066"}],"wp:attachment":[{"href":"https:\/\/natation.ch\/de\/wp-json\/wp\/v2\/media?parent=6070"}],"wp:term":[{"taxonomy":"product_brand","embeddable":true,"href":"https:\/\/natation.ch\/de\/wp-json\/wp\/v2\/product_brand?post=6070"},{"taxonomy":"product_cat","embeddable":true,"href":"https:\/\/natation.ch\/de\/wp-json\/wp\/v2\/product_cat?post=6070"},{"taxonomy":"product_tag","embeddable":true,"href":"https:\/\/natation.ch\/de\/wp-json\/wp\/v2\/product_tag?post=6070"}],"curies":[{"name":"wp","href":"https:\/\/api.w.org\/{rel}","templated":true}]}}