{"id":5685,"date":"2025-11-22T19:41:51","date_gmt":"2025-11-22T19:41:51","guid":{"rendered":"https:\/\/natation.ch\/product\/bubble-active-cap\/"},"modified":"2026-01-06T15:09:57","modified_gmt":"2026-01-06T15:09:57","slug":"bubble-active-cap","status":"publish","type":"product","link":"https:\/\/natation.ch\/de\/produkt\/bubble-active-cap\/","title":{"rendered":"Bubble active cap"},"content":{"rendered":"<p>Silikon-Badekappe<\/p>\n","protected":false},"excerpt":{"rendered":"<p>Die Bubble Active+ Badekappe verf\u00fcgt \u00fcber ein zonales Design mit Noppenstruktur, das einen reibungslosen Wasserfluss erm\u00f6glicht. Ein dezentes Band sorgt daf\u00fcr, dass die Badekappe sicherer sitzt und das Haar bei aktiven Schwimmeinheiten vor Chlor sch\u00fctzt. Hergestellt aus strapazierf\u00e4higem Silikon, das nicht an den Haaren zieht oder sie verheddert, ist sie bequem und einfach zu tragen.<\/p>\n<p>Speedo<\/p>\n","protected":false},"featured_media":5682,"comment_status":"closed","ping_status":"closed","template":"","meta":[],"product_brand":[330],"product_cat":[64,58],"product_tag":[],"class_list":{"0":"post-5685","1":"product","2":"type-product","3":"status-publish","4":"has-post-thumbnail","6":"product_brand-speedo","7":"product_cat-kappen","8":"product_cat-zubehor","9":"product_shipping_class-petitarticle","11":"first","12":"instock","13":"shipping-taxable","14":"purchasable","15":"product-type-simple"},"_links":{"self":[{"href":"https:\/\/natation.ch\/de\/wp-json\/wp\/v2\/product\/5685","targetHints":{"allow":["GET"]}}],"collection":[{"href":"https:\/\/natation.ch\/de\/wp-json\/wp\/v2\/product"}],"about":[{"href":"https:\/\/natation.ch\/de\/wp-json\/wp\/v2\/types\/product"}],"replies":[{"embeddable":true,"href":"https:\/\/natation.ch\/de\/wp-json\/wp\/v2\/comments?post=5685"}],"wp:featuredmedia":[{"embeddable":true,"href":"https:\/\/natation.ch\/de\/wp-json\/wp\/v2\/media\/5682"}],"wp:attachment":[{"href":"https:\/\/natation.ch\/de\/wp-json\/wp\/v2\/media?parent=5685"}],"wp:term":[{"taxonomy":"product_brand","embeddable":true,"href":"https:\/\/natation.ch\/de\/wp-json\/wp\/v2\/product_brand?post=5685"},{"taxonomy":"product_cat","embeddable":true,"href":"https:\/\/natation.ch\/de\/wp-json\/wp\/v2\/product_cat?post=5685"},{"taxonomy":"product_tag","embeddable":true,"href":"https:\/\/natation.ch\/de\/wp-json\/wp\/v2\/product_tag?post=5685"}],"curies":[{"name":"wp","href":"https:\/\/api.w.org\/{rel}","templated":true}]}}