{"id":5501,"date":"2025-11-22T19:42:44","date_gmt":"2025-11-22T19:42:44","guid":{"rendered":"https:\/\/natation.ch\/product\/mach-1-racing-goggle\/"},"modified":"2026-01-02T19:49:47","modified_gmt":"2026-01-02T19:49:47","slug":"mach-1-racing-goggle","status":"publish","type":"product","link":"https:\/\/natation.ch\/de\/produkt\/mach-1-racing-goggle\/","title":{"rendered":"Mach 1 Racing Schwimmbrille"},"content":{"rendered":"<div id=\"product-details-features\" class=\"product-details-information-tab-content-container tb-container-col collapse in\" data-type=\"information-content-text\">\n<div class=\"product-details-information-tab-content-container-main\">\n<div class=\"fab-left\">\n<div class=\"col-sm-12\">\n<ul>\n<li><b>DESIGN:<\/b> Ultraflache Racing-Schwimmbrille mit Polycarbonat-Rahmen und -Gl\u00e4sern f\u00fcr ein glattes, integriertes Design. Gebogene Spiegelgl\u00e4ser bieten ein Panoramabild und reduzieren Blendung. Behandelt mit Antibeschlag und vollem UVA\/UVB-Schutz.  <\/li>\n<li><b>PASSFORM:<\/b> Pr\u00e4zisionstechnik und hochwertige Silikondichtungen gew\u00e4hrleisten einen sicheren Sitz um das Auge. Die B\u00e4nder verlaufen in einer Linie mit den Augen und verteilen den Druck gleichm\u00e4\u00dfig, was f\u00fcr ein komfortables und dichtes Schwimmen sorgt. <\/li>\n<li><b>LIEFERUMFANG:<\/b> Enth\u00e4lt eine Mach 1 Schwimmbrille, f\u00fcnf austauschbare Nasenst\u00fccke, eine wei\u00dfe, nahtlose Silikon-Badekappe und eine Brillentasche.<\/li>\n<li><b>WETTBEWERBSZUGELASSEN:<\/b> FINA-World Aquatics zugelassen<\/li>\n<\/ul>\n<\/div>\n<\/div>\n<\/div>\n<\/div>\n","protected":false},"excerpt":{"rendered":"<p><span class=\"s1\">Die Mach 1 Schwimmbrille wurde f\u00fcr Elite-Schwimmerinnen und -Schwimmer entwickelt und bietet ein unvergleichliches visuelles Erlebnis. Ein ultraflaches Profil optimiert die Hydrodynamik, um den Wasserwiderstand zu minimieren. Hochwertige Silikon-Augendichtungen bieten einen komfortablen und sicheren Sitz f\u00fcr explosive Starts und kraftvolle Wenden. Doppelte Silikonb\u00e4nder sind in den Rahmen integriert, um den Druck gleichm\u00e4\u00dfig zu verteilen, Lecks zu vermeiden und Komfort zu gew\u00e4hrleisten. Ihr schnellster Start beginnt hier.<\/span><\/p>\n<p>finis<\/p>\n","protected":false},"featured_media":5495,"comment_status":"closed","ping_status":"closed","template":"","meta":[],"product_brand":[327],"product_cat":[73,76],"product_tag":[],"class_list":{"0":"post-5501","1":"product","2":"type-product","3":"status-publish","4":"has-post-thumbnail","6":"product_brand-finis","7":"product_cat-equipment","8":"product_cat-schwimbrille","10":"first","11":"instock","12":"shipping-taxable","13":"purchasable","14":"product-type-variable"},"_links":{"self":[{"href":"https:\/\/natation.ch\/de\/wp-json\/wp\/v2\/product\/5501","targetHints":{"allow":["GET"]}}],"collection":[{"href":"https:\/\/natation.ch\/de\/wp-json\/wp\/v2\/product"}],"about":[{"href":"https:\/\/natation.ch\/de\/wp-json\/wp\/v2\/types\/product"}],"replies":[{"embeddable":true,"href":"https:\/\/natation.ch\/de\/wp-json\/wp\/v2\/comments?post=5501"}],"wp:featuredmedia":[{"embeddable":true,"href":"https:\/\/natation.ch\/de\/wp-json\/wp\/v2\/media\/5495"}],"wp:attachment":[{"href":"https:\/\/natation.ch\/de\/wp-json\/wp\/v2\/media?parent=5501"}],"wp:term":[{"taxonomy":"product_brand","embeddable":true,"href":"https:\/\/natation.ch\/de\/wp-json\/wp\/v2\/product_brand?post=5501"},{"taxonomy":"product_cat","embeddable":true,"href":"https:\/\/natation.ch\/de\/wp-json\/wp\/v2\/product_cat?post=5501"},{"taxonomy":"product_tag","embeddable":true,"href":"https:\/\/natation.ch\/de\/wp-json\/wp\/v2\/product_tag?post=5501"}],"curies":[{"name":"wp","href":"https:\/\/api.w.org\/{rel}","templated":true}]}}