{"id":4515,"date":"2025-11-22T19:44:26","date_gmt":"2025-11-22T19:44:26","guid":{"rendered":"https:\/\/natation.ch\/product\/catch-up-clutch-bag-wetta-preta\/"},"modified":"2026-01-05T20:54:48","modified_gmt":"2026-01-05T20:54:48","slug":"catch-up-clutch-bag-wetta-preta","status":"publish","type":"product","link":"https:\/\/natation.ch\/de\/produkt\/catch-up-clutch-bag-wetta-preta\/","title":{"rendered":"Catch up Clutch Bag Wetta Preta"},"content":{"rendered":"","protected":false},"excerpt":{"rendered":"<p>Hergestellt aus flexiblem Silikon mit Handschlaufe und Rei\u00dfverschluss. Obwohl die Clutch nicht wasserdicht ist, sch\u00fctzt sie Ihr Telefon oder kleine Gegenst\u00e4nde vor St\u00fcrzen am Pool oder vor Sand am Strand. 17 cm x 10 cm, 2,5 cm dick.  <\/p>\n<p>Funkita<\/p>\n","protected":false},"featured_media":4483,"comment_status":"closed","ping_status":"closed","template":"","meta":[],"product_brand":[325],"product_cat":[62,58],"product_tag":[],"class_list":{"0":"post-4515","1":"product","2":"type-product","3":"status-publish","4":"has-post-thumbnail","6":"product_brand-funkita","7":"product_cat-taschen","8":"product_cat-zubehor","9":"product_shipping_class-petitarticle","11":"first","12":"instock","13":"shipping-taxable","14":"purchasable","15":"product-type-simple"},"_links":{"self":[{"href":"https:\/\/natation.ch\/de\/wp-json\/wp\/v2\/product\/4515","targetHints":{"allow":["GET"]}}],"collection":[{"href":"https:\/\/natation.ch\/de\/wp-json\/wp\/v2\/product"}],"about":[{"href":"https:\/\/natation.ch\/de\/wp-json\/wp\/v2\/types\/product"}],"replies":[{"embeddable":true,"href":"https:\/\/natation.ch\/de\/wp-json\/wp\/v2\/comments?post=4515"}],"wp:featuredmedia":[{"embeddable":true,"href":"https:\/\/natation.ch\/de\/wp-json\/wp\/v2\/media\/4483"}],"wp:attachment":[{"href":"https:\/\/natation.ch\/de\/wp-json\/wp\/v2\/media?parent=4515"}],"wp:term":[{"taxonomy":"product_brand","embeddable":true,"href":"https:\/\/natation.ch\/de\/wp-json\/wp\/v2\/product_brand?post=4515"},{"taxonomy":"product_cat","embeddable":true,"href":"https:\/\/natation.ch\/de\/wp-json\/wp\/v2\/product_cat?post=4515"},{"taxonomy":"product_tag","embeddable":true,"href":"https:\/\/natation.ch\/de\/wp-json\/wp\/v2\/product_tag?post=4515"}],"curies":[{"name":"wp","href":"https:\/\/api.w.org\/{rel}","templated":true}]}}