{"id":3729,"date":"2025-11-22T19:45:03","date_gmt":"2025-11-22T19:45:03","guid":{"rendered":"https:\/\/natation.ch\/product\/venom-hero-jammer-dunkelblau-pink\/"},"modified":"2025-11-22T19:45:03","modified_gmt":"2025-11-22T19:45:03","slug":"venom-hero-jammer-dunkelblau-pink","status":"publish","type":"product","link":"https:\/\/natation.ch\/de\/produkt\/venom-hero-jammer-dunkelblau-pink\/","title":{"rendered":"Venom Hero Jammer Dunkelblau Pink"},"content":{"rendered":"<p>V = Velocity (Geschwindigkeit) \u2013 unser Hauptziel bei der Entwicklung dieses Produkts: den leistungsst\u00e4rksten Rennanzug aller Zeiten zu entwickeln; E = Engineering (Entwicklung) \u2013 das Ergebnis der Zusammenarbeit unserer Forschungs- und Entwicklungsabteilung; N = New (Neu) \u2013 neu in seiner Kategorie, neu in seiner Technologie, neu in seinem Design; O = Original \u2013 urspr\u00fcnglich von AKRON; M = Manufacturing (Herstellung) \u2013 da 100 % unserer Wettkampfbekleidung stolz in Italien hergestellt werden.<\/p>\n","protected":false},"excerpt":{"rendered":"<p>FINA-Zulassung: Von der FINA f\u00fcr nationale und internationale Schwimmwettk\u00e4mpfe zugelassen. Von der FINA zugelassene Badeanz\u00fcge haben einen einzigartigen FINA-Barcode aufgedruckt, der es Schwimmkampfrichtern leicht macht, sie zu identifizieren. VENOM wurde f\u00fcr Geschwindigkeit entwickelt und repr\u00e4sentiert die \u201ePremium\u201c-Linie von AKRON. Die flache, ergonomische Nahtkonstruktion hilft wichtigen Muskelgruppen, sich schneller zu erholen und verdoppelt die Kompressionsschichten. Das externe Banddesign soll die hydrodynamische Turbulenz verbessern, das Eindringen von Wasser reduzieren und das Gleiten optimieren. Das doppelte C-Spiegel-Tape vermittelt das Gef\u00fchl, das Becken beim Schwimmen anzuheben, und bietet eine gro\u00dfe Bewegungsfreiheit.<\/p>\n<p>&nbsp;<\/p>\n","protected":false},"featured_media":3713,"comment_status":"closed","ping_status":"closed","template":"","meta":[],"product_brand":[328],"product_cat":[98,93,338],"product_tag":[],"class_list":{"0":"post-3729","1":"product","2":"type-product","3":"status-publish","4":"has-post-thumbnail","6":"product_brand-akron","7":"product_cat-mannlich","8":"product_cat-racing","9":"product_cat-sales","11":"first","12":"instock","13":"sale","14":"shipping-taxable","15":"purchasable","16":"product-type-variable"},"_links":{"self":[{"href":"https:\/\/natation.ch\/de\/wp-json\/wp\/v2\/product\/3729","targetHints":{"allow":["GET"]}}],"collection":[{"href":"https:\/\/natation.ch\/de\/wp-json\/wp\/v2\/product"}],"about":[{"href":"https:\/\/natation.ch\/de\/wp-json\/wp\/v2\/types\/product"}],"replies":[{"embeddable":true,"href":"https:\/\/natation.ch\/de\/wp-json\/wp\/v2\/comments?post=3729"}],"wp:featuredmedia":[{"embeddable":true,"href":"https:\/\/natation.ch\/de\/wp-json\/wp\/v2\/media\/3713"}],"wp:attachment":[{"href":"https:\/\/natation.ch\/de\/wp-json\/wp\/v2\/media?parent=3729"}],"wp:term":[{"taxonomy":"product_brand","embeddable":true,"href":"https:\/\/natation.ch\/de\/wp-json\/wp\/v2\/product_brand?post=3729"},{"taxonomy":"product_cat","embeddable":true,"href":"https:\/\/natation.ch\/de\/wp-json\/wp\/v2\/product_cat?post=3729"},{"taxonomy":"product_tag","embeddable":true,"href":"https:\/\/natation.ch\/de\/wp-json\/wp\/v2\/product_tag?post=3729"}],"curies":[{"name":"wp","href":"https:\/\/api.w.org\/{rel}","templated":true}]}}