{"id":13559,"date":"2026-05-06T20:05:51","date_gmt":"2026-05-06T20:05:51","guid":{"rendered":"https:\/\/natation.ch\/product\/venator-x-photochromatisch\/"},"modified":"2026-05-06T20:05:51","modified_gmt":"2026-05-06T20:05:51","slug":"venator-x-photochromatisch","status":"publish","type":"product","link":"https:\/\/natation.ch\/de\/produkt\/venator-x-photochromatisch\/","title":{"rendered":"Venator X &#8211; Photochromatisch"},"content":{"rendered":"","protected":false},"excerpt":{"rendered":"<p>Die Venator-X Schwimmbrille k\u00f6nnte die bequemste Brille sein, die Sie je getragen haben. Entwickelt f\u00fcr vielseitige Leistung bieten der flexible Rahmen und die ultraweichen Silikondichtungen eine sichere, druckfreie Passform f\u00fcr verschiedene Gesichtsformen und gew\u00e4hrleisten langanhaltenden Komfort ohne Undichtigkeiten oder Abdr\u00fccke.<\/p>\n<p>Photochromatische Gl\u00e4ser \u2013 Passen sich automatisch an wechselnde Lichtverh\u00e4ltnisse an, verdunkeln sich bei hellem Sonnenlicht und hellen sich bei schwachem Licht auf, um w\u00e4hrend des gesamten Schwimmens eine nahtlose Sicht zu gew\u00e4hrleisten.<\/p>\n<p>Brillenetui inklusive<\/p>\n<p>Zone3<\/p>\n","protected":false},"featured_media":13555,"comment_status":"open","ping_status":"closed","template":"","meta":[],"product_brand":[982],"product_cat":[76],"product_tag":[],"class_list":{"0":"post-13559","1":"product","2":"type-product","3":"status-publish","4":"has-post-thumbnail","6":"product_brand-zone3","7":"product_cat-schwimbrille","9":"first","10":"instock","11":"shipping-taxable","12":"purchasable","13":"product-type-simple"},"_links":{"self":[{"href":"https:\/\/natation.ch\/de\/wp-json\/wp\/v2\/product\/13559","targetHints":{"allow":["GET"]}}],"collection":[{"href":"https:\/\/natation.ch\/de\/wp-json\/wp\/v2\/product"}],"about":[{"href":"https:\/\/natation.ch\/de\/wp-json\/wp\/v2\/types\/product"}],"replies":[{"embeddable":true,"href":"https:\/\/natation.ch\/de\/wp-json\/wp\/v2\/comments?post=13559"}],"wp:featuredmedia":[{"embeddable":true,"href":"https:\/\/natation.ch\/de\/wp-json\/wp\/v2\/media\/13555"}],"wp:attachment":[{"href":"https:\/\/natation.ch\/de\/wp-json\/wp\/v2\/media?parent=13559"}],"wp:term":[{"taxonomy":"product_brand","embeddable":true,"href":"https:\/\/natation.ch\/de\/wp-json\/wp\/v2\/product_brand?post=13559"},{"taxonomy":"product_cat","embeddable":true,"href":"https:\/\/natation.ch\/de\/wp-json\/wp\/v2\/product_cat?post=13559"},{"taxonomy":"product_tag","embeddable":true,"href":"https:\/\/natation.ch\/de\/wp-json\/wp\/v2\/product_tag?post=13559"}],"curies":[{"name":"wp","href":"https:\/\/api.w.org\/{rel}","templated":true}]}}