{"id":13545,"date":"2026-05-05T19:35:07","date_gmt":"2026-05-05T19:35:07","guid":{"rendered":"https:\/\/natation.ch\/product\/killa-performance\/"},"modified":"2026-05-05T19:35:07","modified_gmt":"2026-05-05T19:35:07","slug":"killa-performance","status":"publish","type":"product","link":"https:\/\/natation.ch\/de\/produkt\/killa-performance\/","title":{"rendered":"Killa Performance"},"content":{"rendered":"<h3>Optimale Passform<\/h3>\n<p>Das ergonomische, dreidimensionale Silikon passt sich verschiedenen Gesichtsformen an und reduziert den Druck im Augenbereich. So sind diese Schwimmbrillen besonders komfortabel und verhindern gleichzeitig das Eindringen von Wasser.<\/p>\n<h3>Hydrodynamik<\/h3>\n<p>Diese Schwimmbrillen wurden sorgf\u00e4ltig entwickelt, um die Reibung im Wasser zu minimieren \u2013 damit Sie im Schwimmabschnitt wertvolle Sekunden sparen.<\/p>\n<h3>Anti-Fog<\/h3>\n<p>Diese Schwimmbrillen verf\u00fcgen \u00fcber eine l\u00e4nger anhaltende ANTI-FOG-Beschichtung als andere Schwimmbrillen und sorgen so l\u00e4nger f\u00fcr klare Sicht.<\/p>\n<h3>Schutz<\/h3>\n<p>Alle verf\u00fcgbaren Gl\u00e4ser entsprechen den ISO-18527-3-Vorschriften und bieten UV-380-Schutz.<\/p>\n<h3>Materialzusammensetzung:<\/h3>\n<p>Silikon: 37 %, TPE: 13 %, PC: 47 %<\/p>\n","protected":false},"excerpt":{"rendered":"<p>Optimale Passform Das ergonomische, dreidimensionale Silikon passt sich verschiedenen Gesichtsformen an und reduziert den Druck im Augenbereich. So sind diese Schwimmbrillen besonders komfortabel und verhindern gleichzeitig das Eindringen von Wasser. Hydrodynamik Diese Schwimmbrillen wurden sorgf\u00e4ltig entwickelt, um die Reibung im Wasser zu minimieren \u2013 damit Sie im Schwimmabschnitt wertvolle Sekunden sparen. Anti-Fog Diese Schwimmbrillen verf\u00fcgen [&hellip;]<\/p>\n","protected":false},"featured_media":13535,"comment_status":"open","ping_status":"closed","template":"","meta":[],"product_brand":[331],"product_cat":[76],"product_tag":[],"class_list":{"0":"post-13545","1":"product","2":"type-product","3":"status-publish","4":"has-post-thumbnail","6":"product_brand-orca","7":"product_cat-schwimbrille","9":"first","10":"outofstock","11":"shipping-taxable","12":"purchasable","13":"product-type-variable"},"_links":{"self":[{"href":"https:\/\/natation.ch\/de\/wp-json\/wp\/v2\/product\/13545","targetHints":{"allow":["GET"]}}],"collection":[{"href":"https:\/\/natation.ch\/de\/wp-json\/wp\/v2\/product"}],"about":[{"href":"https:\/\/natation.ch\/de\/wp-json\/wp\/v2\/types\/product"}],"replies":[{"embeddable":true,"href":"https:\/\/natation.ch\/de\/wp-json\/wp\/v2\/comments?post=13545"}],"wp:featuredmedia":[{"embeddable":true,"href":"https:\/\/natation.ch\/de\/wp-json\/wp\/v2\/media\/13535"}],"wp:attachment":[{"href":"https:\/\/natation.ch\/de\/wp-json\/wp\/v2\/media?parent=13545"}],"wp:term":[{"taxonomy":"product_brand","embeddable":true,"href":"https:\/\/natation.ch\/de\/wp-json\/wp\/v2\/product_brand?post=13545"},{"taxonomy":"product_cat","embeddable":true,"href":"https:\/\/natation.ch\/de\/wp-json\/wp\/v2\/product_cat?post=13545"},{"taxonomy":"product_tag","embeddable":true,"href":"https:\/\/natation.ch\/de\/wp-json\/wp\/v2\/product_tag?post=13545"}],"curies":[{"name":"wp","href":"https:\/\/api.w.org\/{rel}","templated":true}]}}