{"id":12965,"date":"2026-03-27T13:51:57","date_gmt":"2026-03-27T13:51:57","guid":{"rendered":"https:\/\/natation.ch\/product\/powerfin-pro-ii-sage-arctic-lime\/"},"modified":"2026-03-27T13:51:57","modified_gmt":"2026-03-27T13:51:57","slug":"powerfin-pro-ii-sage-arctic-lime","status":"publish","type":"product","link":"https:\/\/natation.ch\/de\/produkt\/powerfin-pro-ii-sage-arctic-lime\/","title":{"rendered":"Powerfin Pro II Sage \/ Arctic Lime"},"content":{"rendered":"<p>PVC-frei.<br \/>\nTrainingshilfe f\u00fcr fortgeschrittene Schwimmer zur Verbesserung der Beintechnik und f\u00fcr Krafttraining<br \/>\nKurzes Flossenblatt f\u00fcr maximalen Vortrieb. Seitenkanten f\u00fcr bessere Kontrolle. Offene Ferse f\u00fcr optimale Stabilit\u00e4t und Komfort.<br \/>\nLanglebiges Silikon f\u00fcr maximalen Komfort und geringeres Blasenrisiko. PVC-frei. Linke und rechte Seite sind individuell geformt.<br \/>\nIdeal f\u00fcr Wettkampfschwimmer    <\/p>\n","protected":false},"excerpt":{"rendered":"<p>Die kurze arena Powerfin Pro II Unisex-Trainingsflosse ist ideal f\u00fcr Wettkampfschwimmer. Sie ist f\u00fcr Krafttraining und zur Verbesserung der Beintechnik konzipiert. Mit kurzem Flossenblatt f\u00fcr maximalen Vortrieb. Der offene Fersenriemen sorgt f\u00fcr maximale Kn\u00f6chelflexibilit\u00e4t, optimale Stabilit\u00e4t und hohen Komfort. Die linke und rechte Flosse haben unterschiedliche ergonomische Formen. Das weiche Silikonmaterial sorgt f\u00fcr maximalen Komfort und reduziert das Blasenrisiko.<br \/>\nArena     <\/p>\n","protected":false},"featured_media":12956,"comment_status":"open","ping_status":"closed","template":"","meta":[],"product_brand":[329],"product_cat":[334],"product_tag":[],"class_list":{"0":"post-12965","1":"product","2":"type-product","3":"status-publish","4":"has-post-thumbnail","6":"product_brand-arena","7":"product_cat-flossen","9":"first","10":"instock","11":"sale","12":"shipping-taxable","13":"purchasable","14":"product-type-variable"},"_links":{"self":[{"href":"https:\/\/natation.ch\/de\/wp-json\/wp\/v2\/product\/12965","targetHints":{"allow":["GET"]}}],"collection":[{"href":"https:\/\/natation.ch\/de\/wp-json\/wp\/v2\/product"}],"about":[{"href":"https:\/\/natation.ch\/de\/wp-json\/wp\/v2\/types\/product"}],"replies":[{"embeddable":true,"href":"https:\/\/natation.ch\/de\/wp-json\/wp\/v2\/comments?post=12965"}],"wp:featuredmedia":[{"embeddable":true,"href":"https:\/\/natation.ch\/de\/wp-json\/wp\/v2\/media\/12956"}],"wp:attachment":[{"href":"https:\/\/natation.ch\/de\/wp-json\/wp\/v2\/media?parent=12965"}],"wp:term":[{"taxonomy":"product_brand","embeddable":true,"href":"https:\/\/natation.ch\/de\/wp-json\/wp\/v2\/product_brand?post=12965"},{"taxonomy":"product_cat","embeddable":true,"href":"https:\/\/natation.ch\/de\/wp-json\/wp\/v2\/product_cat?post=12965"},{"taxonomy":"product_tag","embeddable":true,"href":"https:\/\/natation.ch\/de\/wp-json\/wp\/v2\/product_tag?post=12965"}],"curies":[{"name":"wp","href":"https:\/\/api.w.org\/{rel}","templated":true}]}}