{"id":12778,"date":"2026-03-25T14:41:37","date_gmt":"2026-03-25T14:41:37","guid":{"rendered":"https:\/\/natation.ch\/product\/cobra-tri-swipe-mirror-emerald-peacock\/"},"modified":"2026-03-25T14:41:37","modified_gmt":"2026-03-25T14:41:37","slug":"cobra-tri-swipe-mirror-emerald-peacock","status":"publish","type":"product","link":"https:\/\/natation.ch\/de\/produkt\/cobra-tri-swipe-mirror-emerald-peacock\/","title":{"rendered":"Cobra Tri Swipe Mirror Emerald Peacock"},"content":{"rendered":"<p>Die fortschrittlichste verspiegelte Triathlon-Schwimmbrille mit der revolution\u00e4ren Swipe Anti-Beschlag-Beschichtung f\u00fcr langanhaltend klare Sicht<br \/>\nSwipe: der beste Schutz gegen Beschlagen. Der Schutz h\u00e4lt zehnmal l\u00e4nger und kann durch Reiben der Innenseite der Gl\u00e4ser mit dem Finger reaktiviert werden.<br \/>\nOptimales Sichtfeld, kein Wasser l\u00e4uft \u00fcber die Gl\u00e4ser, austauschbarer Nasensteg, geteiltes Kopfband, UV-Schutz<br \/>\nIdeal f\u00fcr Triathleten und regelm\u00e4\u00dfige Schwimmer<br \/>\nDiese Schwimmbrille mit leicht get\u00f6nten Gl\u00e4sern ist ideal f\u00fcr Umgebungen mit wenig Licht oder wenn maximale Helligkeit gew\u00fcnscht wird. <\/p>\n","protected":false},"excerpt":{"rendered":"<p>Schwimmbrille f\u00fcr Triathlon<\/p>\n<p>Arena<\/p>\n<p>&nbsp;<\/p>\n","protected":false},"featured_media":12774,"comment_status":"open","ping_status":"closed","template":"","meta":[],"product_brand":[329],"product_cat":[76],"product_tag":[],"class_list":{"0":"post-12778","1":"product","2":"type-product","3":"status-publish","4":"has-post-thumbnail","6":"product_brand-arena","7":"product_cat-schwimbrille","9":"first","10":"instock","11":"sale","12":"shipping-taxable","13":"purchasable","14":"product-type-simple"},"_links":{"self":[{"href":"https:\/\/natation.ch\/de\/wp-json\/wp\/v2\/product\/12778","targetHints":{"allow":["GET"]}}],"collection":[{"href":"https:\/\/natation.ch\/de\/wp-json\/wp\/v2\/product"}],"about":[{"href":"https:\/\/natation.ch\/de\/wp-json\/wp\/v2\/types\/product"}],"replies":[{"embeddable":true,"href":"https:\/\/natation.ch\/de\/wp-json\/wp\/v2\/comments?post=12778"}],"wp:featuredmedia":[{"embeddable":true,"href":"https:\/\/natation.ch\/de\/wp-json\/wp\/v2\/media\/12774"}],"wp:attachment":[{"href":"https:\/\/natation.ch\/de\/wp-json\/wp\/v2\/media?parent=12778"}],"wp:term":[{"taxonomy":"product_brand","embeddable":true,"href":"https:\/\/natation.ch\/de\/wp-json\/wp\/v2\/product_brand?post=12778"},{"taxonomy":"product_cat","embeddable":true,"href":"https:\/\/natation.ch\/de\/wp-json\/wp\/v2\/product_cat?post=12778"},{"taxonomy":"product_tag","embeddable":true,"href":"https:\/\/natation.ch\/de\/wp-json\/wp\/v2\/product_tag?post=12778"}],"curies":[{"name":"wp","href":"https:\/\/api.w.org\/{rel}","templated":true}]}}