{"id":11249,"date":"2026-02-20T11:36:02","date_gmt":"2026-02-20T11:36:02","guid":{"rendered":"https:\/\/natation.ch\/product\/jammer-apex-viper-herren\/"},"modified":"2026-02-20T11:36:02","modified_gmt":"2026-02-20T11:36:02","slug":"jammer-apex-viper-herren","status":"publish","type":"product","link":"https:\/\/natation.ch\/de\/produkt\/jammer-apex-viper-herren\/","title":{"rendered":"Jammer Apex Viper Herren"},"content":{"rendered":"","protected":false},"excerpt":{"rendered":"<p>Einstiegs-Wettkampf-Badehose<\/p>\n<p>Speziell entwickelt, um Ihnen ein neues Leistungsniveau zu erm\u00f6glichen, bietet der von World Aquatics zugelassene Viper eine feste Passform f\u00fcr stromlinienf\u00f6rmige Bewegung im Wasser.<\/p>\n<ul>\n<li>Das Kettengewirk passt sich Ihrem K\u00f6rper an und unterst\u00fctzt durch mittlere Kompression die Reduzierung von Muskelerm\u00fcdung.<\/li>\n<li>In Verbindung mit einer wasserabweisenden Beschichtung bringt Sie dieser Anzug auf das n\u00e4chste Level und dar\u00fcber hinaus.<\/li>\n<li>Zu den Merkmalen geh\u00f6ren: Flatlock-N\u00e4hte f\u00fcr Komfort, integrierter Kordelzug, komprimierendes Sichtschutzfutter, Gripper-Band an Taille und Bein\u00f6ffnung f\u00fcr einen sicheren, bequemen Sitz.<\/li>\n<\/ul>\n<p>Von World Aquatics zugelassen<\/p>\n<p>Funky Trunks<\/p>\n<p>Bitte \u00fcberpr\u00fcfen Sie die Bilder zur Gr\u00f6\u00dfenbestimmung<\/p>\n","protected":false},"featured_media":11233,"comment_status":"open","ping_status":"closed","template":"","meta":[],"product_brand":[328],"product_cat":[98],"product_tag":[],"class_list":{"0":"post-11249","1":"product","2":"type-product","3":"status-publish","4":"has-post-thumbnail","6":"product_brand-akron","7":"product_cat-mannlich","8":"product_shipping_class-petitarticle","10":"first","11":"instock","12":"shipping-taxable","13":"purchasable","14":"product-type-variable"},"_links":{"self":[{"href":"https:\/\/natation.ch\/de\/wp-json\/wp\/v2\/product\/11249","targetHints":{"allow":["GET"]}}],"collection":[{"href":"https:\/\/natation.ch\/de\/wp-json\/wp\/v2\/product"}],"about":[{"href":"https:\/\/natation.ch\/de\/wp-json\/wp\/v2\/types\/product"}],"replies":[{"embeddable":true,"href":"https:\/\/natation.ch\/de\/wp-json\/wp\/v2\/comments?post=11249"}],"wp:featuredmedia":[{"embeddable":true,"href":"https:\/\/natation.ch\/de\/wp-json\/wp\/v2\/media\/11233"}],"wp:attachment":[{"href":"https:\/\/natation.ch\/de\/wp-json\/wp\/v2\/media?parent=11249"}],"wp:term":[{"taxonomy":"product_brand","embeddable":true,"href":"https:\/\/natation.ch\/de\/wp-json\/wp\/v2\/product_brand?post=11249"},{"taxonomy":"product_cat","embeddable":true,"href":"https:\/\/natation.ch\/de\/wp-json\/wp\/v2\/product_cat?post=11249"},{"taxonomy":"product_tag","embeddable":true,"href":"https:\/\/natation.ch\/de\/wp-json\/wp\/v2\/product_tag?post=11249"}],"curies":[{"name":"wp","href":"https:\/\/api.w.org\/{rel}","templated":true}]}}