{"id":10669,"date":"2026-02-11T16:03:27","date_gmt":"2026-02-11T16:03:27","guid":{"rendered":"https:\/\/natation.ch\/product\/stability-snorkel-jr\/"},"modified":"2026-02-11T16:03:27","modified_gmt":"2026-02-11T16:03:27","slug":"stability-snorkel-jr","status":"publish","type":"product","link":"https:\/\/natation.ch\/de\/produkt\/stability-snorkel-jr\/","title":{"rendered":"Stability Snorkel Jr"},"content":{"rendered":"<div id=\"product-details-features\" class=\"product-details-information-tab-content-container tb-container-col collapse in\" data-type=\"information-content-text\">\n<div class=\"product-details-information-tab-content-container-main\">\n<div class=\"fab-left\">\n<div class=\"col-sm-12\">\n<ul>\n<li><b>K\u00dcRZERES ROHR:<\/b> Ein k\u00fcrzeres Rohr erm\u00f6glicht j\u00fcngeren Schwimmern k\u00fcrzere und flachere Atemz\u00fcge, sodass sie nat\u00fcrlich ein- und ausatmen k\u00f6nnen.<\/li>\n<li><b>KEINE KOPFHALTERUNG:<\/b> Das vereinfachte Design ist bequem und stabil.<\/li>\n<li><b>KLEINES, BEQUEMES MUNDST\u00dcCK:<\/b> Passende Gr\u00f6\u00dfe f\u00fcr j\u00fcngere Kinder, hochwertiges Silikon f\u00fcr einen bequemen Sitz.<\/li>\n<li><b>MEHR SELBSTVERTRAUEN:<\/b> Das Schwimmen mit einem Schnorchel gibt das Vertrauen, das Schwimmen zu genie\u00dfen und neue Fertigkeiten zu erlernen.<\/li>\n<\/ul>\n<\/div>\n<\/div>\n<\/div>\n<\/div>\n","protected":false},"excerpt":{"rendered":"<p><span class=\"s1\">Der Stability Schnorchel Junior erm\u00f6glicht j\u00fcngeren Schwimmern, Techniken zu erlernen, die \u00e4ltere Schwimmer seit Jahren lernen, und ist speziell f\u00fcr Schwimmer im Alter von 6-10 Jahren konzipiert. Das Schwimmen mit einem Schnorchel macht das Drehen des Kopfes zum Atmen \u00fcberfl\u00fcssig, sodass sich der Schwimmer auf das Erlernen des Schwimmens mit der richtigen K\u00f6rperhaltung konzentrieren kann. Der Schnorchel gibt Schwimmern auch Selbstvertrauen, sodass sie neue Fertigkeiten erlernen und ihre gesamte Technik verbessern k\u00f6nnen.<\/span><\/p>\n<p>6-10 Jahre<\/p>\n<p>Finis<\/p>\n","protected":false},"featured_media":10655,"comment_status":"open","ping_status":"closed","template":"","meta":[],"product_brand":[327],"product_cat":[91],"product_tag":[],"class_list":{"0":"post-10669","1":"product","2":"type-product","3":"status-publish","4":"has-post-thumbnail","6":"product_brand-finis","7":"product_cat-snorkel","9":"first","10":"instock","11":"shipping-taxable","12":"purchasable","13":"product-type-variable"},"_links":{"self":[{"href":"https:\/\/natation.ch\/de\/wp-json\/wp\/v2\/product\/10669","targetHints":{"allow":["GET"]}}],"collection":[{"href":"https:\/\/natation.ch\/de\/wp-json\/wp\/v2\/product"}],"about":[{"href":"https:\/\/natation.ch\/de\/wp-json\/wp\/v2\/types\/product"}],"replies":[{"embeddable":true,"href":"https:\/\/natation.ch\/de\/wp-json\/wp\/v2\/comments?post=10669"}],"wp:featuredmedia":[{"embeddable":true,"href":"https:\/\/natation.ch\/de\/wp-json\/wp\/v2\/media\/10655"}],"wp:attachment":[{"href":"https:\/\/natation.ch\/de\/wp-json\/wp\/v2\/media?parent=10669"}],"wp:term":[{"taxonomy":"product_brand","embeddable":true,"href":"https:\/\/natation.ch\/de\/wp-json\/wp\/v2\/product_brand?post=10669"},{"taxonomy":"product_cat","embeddable":true,"href":"https:\/\/natation.ch\/de\/wp-json\/wp\/v2\/product_cat?post=10669"},{"taxonomy":"product_tag","embeddable":true,"href":"https:\/\/natation.ch\/de\/wp-json\/wp\/v2\/product_tag?post=10669"}],"curies":[{"name":"wp","href":"https:\/\/api.w.org\/{rel}","templated":true}]}}