{"id":10547,"date":"2026-02-10T12:52:25","date_gmt":"2026-02-10T12:52:25","guid":{"rendered":"https:\/\/natation.ch\/product\/essentielle-badeshorts-mayan-blue\/"},"modified":"2026-02-10T12:52:25","modified_gmt":"2026-02-10T12:52:25","slug":"essentielle-badeshorts-mayan-blue","status":"publish","type":"product","link":"https:\/\/natation.ch\/de\/produkt\/essentielle-badeshorts-mayan-blue\/","title":{"rendered":"Essentielle Badeshorts Mayan Blue"},"content":{"rendered":"<ul>\n<li>Elastischer Bund mit Kordelzug f\u00fcr einen sicheren und verstellbaren Sitz<\/li>\n<li>Taschen an den Seiten<\/li>\n<li>Mesh-Innenhose<\/li>\n<li>Hergestellt aus 100 % recyceltem Nylon<\/li>\n<\/ul>\n","protected":false},"excerpt":{"rendered":"<p>F\u00fcr Komfort im und au\u00dferhalb des Wassers konzipiert, verf\u00fcgen sie \u00fcber einen Kordelzugbund und eine Drainage-Tasche an der Seite. Hergestellt aus einem neuen, umweltfreundlichen Material aus 100 % recyceltem Nylon. <\/p>\n<p>Speedo<\/p>\n","protected":false},"featured_media":10534,"comment_status":"open","ping_status":"closed","template":"","meta":[],"product_brand":[330],"product_cat":[116],"product_tag":[],"class_list":{"0":"post-10547","1":"product","2":"type-product","3":"status-publish","4":"has-post-thumbnail","6":"product_brand-speedo","7":"product_cat-manner","9":"first","10":"instock","11":"shipping-taxable","12":"purchasable","13":"product-type-variable"},"_links":{"self":[{"href":"https:\/\/natation.ch\/de\/wp-json\/wp\/v2\/product\/10547","targetHints":{"allow":["GET"]}}],"collection":[{"href":"https:\/\/natation.ch\/de\/wp-json\/wp\/v2\/product"}],"about":[{"href":"https:\/\/natation.ch\/de\/wp-json\/wp\/v2\/types\/product"}],"replies":[{"embeddable":true,"href":"https:\/\/natation.ch\/de\/wp-json\/wp\/v2\/comments?post=10547"}],"wp:featuredmedia":[{"embeddable":true,"href":"https:\/\/natation.ch\/de\/wp-json\/wp\/v2\/media\/10534"}],"wp:attachment":[{"href":"https:\/\/natation.ch\/de\/wp-json\/wp\/v2\/media?parent=10547"}],"wp:term":[{"taxonomy":"product_brand","embeddable":true,"href":"https:\/\/natation.ch\/de\/wp-json\/wp\/v2\/product_brand?post=10547"},{"taxonomy":"product_cat","embeddable":true,"href":"https:\/\/natation.ch\/de\/wp-json\/wp\/v2\/product_cat?post=10547"},{"taxonomy":"product_tag","embeddable":true,"href":"https:\/\/natation.ch\/de\/wp-json\/wp\/v2\/product_tag?post=10547"}],"curies":[{"name":"wp","href":"https:\/\/api.w.org\/{rel}","templated":true}]}}