{"id":10505,"date":"2026-02-09T17:57:32","date_gmt":"2026-02-09T17:57:32","guid":{"rendered":"https:\/\/natation.ch\/product\/aquapulse-pro-verspiegelt\/"},"modified":"2026-02-09T21:34:56","modified_gmt":"2026-02-09T21:34:56","slug":"aquapulse-pro-verspiegelt","status":"publish","type":"product","link":"https:\/\/natation.ch\/de\/produkt\/aquapulse-pro-verspiegelt\/","title":{"rendered":"Aquapulse Pro Verspiegelt"},"content":{"rendered":"","protected":false},"excerpt":{"rendered":"<p>Aufbauend auf dem Erfolg der Aquapulse Max 2 setzt die neue und verbesserte Aquapulse Pro Maske mit ihrer rahmenlosen Konstruktion neue Ma\u00dfst\u00e4be. Mit einem neuen Seitendesign, kombiniert mit unserer wegweisenden IQfit-Technologie, erm\u00f6glicht diese Maske Ihnen, ein h\u00f6heres Leistungsniveau zu erreichen. Ideal f\u00fcr Triathleten und regelm\u00e4\u00dfige Schwimmer.<\/p>\n<p>Speedo<\/p>\n","protected":false},"featured_media":10496,"comment_status":"open","ping_status":"closed","template":"","meta":[],"product_brand":[330],"product_cat":[76],"product_tag":[],"class_list":{"0":"post-10505","1":"product","2":"type-product","3":"status-publish","4":"has-post-thumbnail","6":"product_brand-speedo","7":"product_cat-schwimbrille","9":"first","10":"instock","11":"shipping-taxable","12":"purchasable","13":"product-type-variable"},"_links":{"self":[{"href":"https:\/\/natation.ch\/de\/wp-json\/wp\/v2\/product\/10505","targetHints":{"allow":["GET"]}}],"collection":[{"href":"https:\/\/natation.ch\/de\/wp-json\/wp\/v2\/product"}],"about":[{"href":"https:\/\/natation.ch\/de\/wp-json\/wp\/v2\/types\/product"}],"replies":[{"embeddable":true,"href":"https:\/\/natation.ch\/de\/wp-json\/wp\/v2\/comments?post=10505"}],"wp:featuredmedia":[{"embeddable":true,"href":"https:\/\/natation.ch\/de\/wp-json\/wp\/v2\/media\/10496"}],"wp:attachment":[{"href":"https:\/\/natation.ch\/de\/wp-json\/wp\/v2\/media?parent=10505"}],"wp:term":[{"taxonomy":"product_brand","embeddable":true,"href":"https:\/\/natation.ch\/de\/wp-json\/wp\/v2\/product_brand?post=10505"},{"taxonomy":"product_cat","embeddable":true,"href":"https:\/\/natation.ch\/de\/wp-json\/wp\/v2\/product_cat?post=10505"},{"taxonomy":"product_tag","embeddable":true,"href":"https:\/\/natation.ch\/de\/wp-json\/wp\/v2\/product_tag?post=10505"}],"curies":[{"name":"wp","href":"https:\/\/api.w.org\/{rel}","templated":true}]}}