{"id":10477,"date":"2026-02-09T14:08:05","date_gmt":"2026-02-09T14:08:05","guid":{"rendered":"https:\/\/natation.ch\/product\/dmc-elite-flossen\/"},"modified":"2026-02-09T21:36:52","modified_gmt":"2026-02-09T21:36:52","slug":"dmc-elite-flossen","status":"publish","type":"product","link":"https:\/\/natation.ch\/de\/produkt\/dmc-elite-flossen\/","title":{"rendered":"DMC Elite Flossen"},"content":{"rendered":"","protected":false},"excerpt":{"rendered":"<p>Steigern Sie Ihre Kraft und Geschwindigkeit w\u00e4hrend des Trainings mit den neuen Speedo x DMC Elite Fins Wettkampf-Flossen. Die Elite-Flossen wurden in Zusammenarbeit mit dem Silikonflossen-Pionier DMC entwickelt und verf\u00fcgen \u00fcber ein V-Rail-Design, das die Kanten der Flossen versteift und es Ihnen erm\u00f6glicht, die Geschwindigkeit und den Vortrieb einer steiferen Flosse ohne zus\u00e4tzliches Gewicht zu erreichen. Die kurzen Silikonflossen wurden f\u00fcr Wettkampfschwimmer und Bodysurfer entwickelt und verf\u00fcgen \u00fcber ein asymmetrisches Design, das die Kn\u00f6chel stabilisiert und die Schwimmgeschwindigkeit erh\u00f6ht, die Kickeffizienz optimiert und die Erm\u00fcdung reduziert.<\/p>\n<p>Speedo<\/p>\n","protected":false},"featured_media":10468,"comment_status":"open","ping_status":"closed","template":"","meta":[],"product_brand":[330],"product_cat":[334],"product_tag":[],"class_list":{"0":"post-10477","1":"product","2":"type-product","3":"status-publish","4":"has-post-thumbnail","6":"product_brand-speedo","7":"product_cat-flossen","9":"first","10":"instock","11":"sale","12":"shipping-taxable","13":"purchasable","14":"product-type-variable"},"_links":{"self":[{"href":"https:\/\/natation.ch\/de\/wp-json\/wp\/v2\/product\/10477","targetHints":{"allow":["GET"]}}],"collection":[{"href":"https:\/\/natation.ch\/de\/wp-json\/wp\/v2\/product"}],"about":[{"href":"https:\/\/natation.ch\/de\/wp-json\/wp\/v2\/types\/product"}],"replies":[{"embeddable":true,"href":"https:\/\/natation.ch\/de\/wp-json\/wp\/v2\/comments?post=10477"}],"wp:featuredmedia":[{"embeddable":true,"href":"https:\/\/natation.ch\/de\/wp-json\/wp\/v2\/media\/10468"}],"wp:attachment":[{"href":"https:\/\/natation.ch\/de\/wp-json\/wp\/v2\/media?parent=10477"}],"wp:term":[{"taxonomy":"product_brand","embeddable":true,"href":"https:\/\/natation.ch\/de\/wp-json\/wp\/v2\/product_brand?post=10477"},{"taxonomy":"product_cat","embeddable":true,"href":"https:\/\/natation.ch\/de\/wp-json\/wp\/v2\/product_cat?post=10477"},{"taxonomy":"product_tag","embeddable":true,"href":"https:\/\/natation.ch\/de\/wp-json\/wp\/v2\/product_tag?post=10477"}],"curies":[{"name":"wp","href":"https:\/\/api.w.org\/{rel}","templated":true}]}}