{"id":10420,"date":"2026-01-27T13:22:16","date_gmt":"2026-01-27T13:22:16","guid":{"rendered":"https:\/\/natation.ch\/product\/one-go-mesh-bag\/"},"modified":"2026-01-27T13:22:16","modified_gmt":"2026-01-27T13:22:16","slug":"one-go-mesh-bag","status":"publish","type":"product","link":"https:\/\/natation.ch\/de\/produkt\/one-go-mesh-bag\/","title":{"rendered":"One Go Mesh Bag"},"content":{"rendered":"<ul>\n<li>Gro\u00dfe Netztasche f\u00fcr Schwimmausr\u00fcstung und Trainingsger\u00e4te. Die Netzstruktur erm\u00f6glicht ein einfaches Ablaufen des Wassers. <\/li>\n<li>Sicherer Schnallenverschluss. Mit praktischem Griff zum Tragen und Aufh\u00e4ngen. Hergestellt aus robustem, schnell trocknendem Material.  <\/li>\n<li>Die praktische Tasche kann \u00fcber eine Schulter oder als Rucksack getragen werden. Abmessungen: 65 cm x 55 cm x 1 cm, 40 Liter <\/li>\n<li>Ideal f\u00fcr Trainingsger\u00e4te, das Schwimmbad und den Strand.<\/li>\n<li>100 % Polyester<\/li>\n<\/ul>\n","protected":false},"excerpt":{"rendered":"<p>Die ger\u00e4umige arena One Go Netztasche ist ideal f\u00fcr den Transport von Trainingsger\u00e4ten oder anderen Gegenst\u00e4nden. Dank ihrer Netzstruktur kann Wasser problemlos ablaufen. Die Tasche kann auch als Rucksack getragen werden. Ausgestattet mit einem praktischen Griff zum Aufh\u00e4ngen in der Garderobe oder zum Befestigen an einer anderen Tasche. Hergestellt aus robustem, schnell trocknendem Polyesternetz. Abmessungen: 65 cm x 55 cm x 1 cm, 40 Liter     <\/p>\n","protected":false},"featured_media":10415,"comment_status":"open","ping_status":"closed","template":"","meta":[],"product_brand":[329],"product_cat":[62],"product_tag":[],"class_list":{"0":"post-10420","1":"product","2":"type-product","3":"status-publish","4":"has-post-thumbnail","6":"product_brand-arena","7":"product_cat-taschen","9":"first","10":"instock","11":"shipping-taxable","12":"purchasable","13":"product-type-variable"},"_links":{"self":[{"href":"https:\/\/natation.ch\/de\/wp-json\/wp\/v2\/product\/10420","targetHints":{"allow":["GET"]}}],"collection":[{"href":"https:\/\/natation.ch\/de\/wp-json\/wp\/v2\/product"}],"about":[{"href":"https:\/\/natation.ch\/de\/wp-json\/wp\/v2\/types\/product"}],"replies":[{"embeddable":true,"href":"https:\/\/natation.ch\/de\/wp-json\/wp\/v2\/comments?post=10420"}],"wp:featuredmedia":[{"embeddable":true,"href":"https:\/\/natation.ch\/de\/wp-json\/wp\/v2\/media\/10415"}],"wp:attachment":[{"href":"https:\/\/natation.ch\/de\/wp-json\/wp\/v2\/media?parent=10420"}],"wp:term":[{"taxonomy":"product_brand","embeddable":true,"href":"https:\/\/natation.ch\/de\/wp-json\/wp\/v2\/product_brand?post=10420"},{"taxonomy":"product_cat","embeddable":true,"href":"https:\/\/natation.ch\/de\/wp-json\/wp\/v2\/product_cat?post=10420"},{"taxonomy":"product_tag","embeddable":true,"href":"https:\/\/natation.ch\/de\/wp-json\/wp\/v2\/product_tag?post=10420"}],"curies":[{"name":"wp","href":"https:\/\/api.w.org\/{rel}","templated":true}]}}