{"id":10106,"date":"2026-01-08T15:52:51","date_gmt":"2026-01-08T15:52:51","guid":{"rendered":"https:\/\/natation.ch\/product\/x-lite\/"},"modified":"2026-01-08T15:59:05","modified_gmt":"2026-01-08T15:59:05","slug":"x-lite","status":"publish","type":"product","link":"https:\/\/natation.ch\/de\/produkt\/x-lite\/","title":{"rendered":"X-lite"},"content":{"rendered":"","protected":false},"excerpt":{"rendered":"<p>Diese Junior-Schwimmbrille mit weichem Silikonrahmen und -dichtung f\u00fcr optimalen Komfort ist unterhaltsam, einfach zu bedienen und perfekt f\u00fcr den regelm\u00e4\u00dfigen Gebrauch.<\/p>\n<ul>\n<li>Kleine Gl\u00e4ser, speziell f\u00fcr Kinder entwickelt<\/li>\n<li>Weicher Silikonrahmen und -dichtung f\u00fcr ultimativen Komfort<\/li>\n<li>Selbstjustierender Nasensteg<\/li>\n<li>Starkes Gummiband mit \u201eACS\u201c-System zur einfachen Anpassung an den Kopf<\/li>\n<li>Farbenfrohes Design. PVC-frei<\/li>\n<li>UV-Schutz. Antibeschlagbehandlung<\/li>\n<\/ul>\n<p>Arena<\/p>\n","protected":false},"featured_media":10099,"comment_status":"open","ping_status":"closed","template":"","meta":[],"product_brand":[329],"product_cat":[76],"product_tag":[],"class_list":{"0":"post-10106","1":"product","2":"type-product","3":"status-publish","4":"has-post-thumbnail","6":"product_brand-arena","7":"product_cat-schwimbrille","9":"first","10":"instock","11":"shipping-taxable","12":"purchasable","13":"product-type-simple"},"_links":{"self":[{"href":"https:\/\/natation.ch\/de\/wp-json\/wp\/v2\/product\/10106","targetHints":{"allow":["GET"]}}],"collection":[{"href":"https:\/\/natation.ch\/de\/wp-json\/wp\/v2\/product"}],"about":[{"href":"https:\/\/natation.ch\/de\/wp-json\/wp\/v2\/types\/product"}],"replies":[{"embeddable":true,"href":"https:\/\/natation.ch\/de\/wp-json\/wp\/v2\/comments?post=10106"}],"wp:featuredmedia":[{"embeddable":true,"href":"https:\/\/natation.ch\/de\/wp-json\/wp\/v2\/media\/10099"}],"wp:attachment":[{"href":"https:\/\/natation.ch\/de\/wp-json\/wp\/v2\/media?parent=10106"}],"wp:term":[{"taxonomy":"product_brand","embeddable":true,"href":"https:\/\/natation.ch\/de\/wp-json\/wp\/v2\/product_brand?post=10106"},{"taxonomy":"product_cat","embeddable":true,"href":"https:\/\/natation.ch\/de\/wp-json\/wp\/v2\/product_cat?post=10106"},{"taxonomy":"product_tag","embeddable":true,"href":"https:\/\/natation.ch\/de\/wp-json\/wp\/v2\/product_tag?post=10106"}],"curies":[{"name":"wp","href":"https:\/\/api.w.org\/{rel}","templated":true}]}}