{"id":10089,"date":"2026-01-08T15:40:37","date_gmt":"2026-01-08T15:40:37","guid":{"rendered":"https:\/\/natation.ch\/?post_type=product&#038;p=10089"},"modified":"2026-01-08T15:43:47","modified_gmt":"2026-01-08T15:43:47","slug":"raptor-hcb-mirror-black","status":"publish","type":"product","link":"https:\/\/natation.ch\/de\/produkt\/raptor-hcb-mirror-black\/","title":{"rendered":"Raptor HCB Mirror Black"},"content":{"rendered":"<p>Patentierte HCB-Technologie (Honeycomb): Die sechseckige Struktur verst\u00e4rkt die Abdichtung gegen Druck, w\u00e4hrend Elastizit\u00e4t und Weichheit f\u00fcr eine leichte, sichere Passform erhalten bleiben.<\/p>\n<p>Im Lieferumfang enthalten: austauschbare Nasenbr\u00fccken.<\/p>\n","protected":false},"excerpt":{"rendered":"<p>Verspiegelte Gl\u00e4ser, ideal f\u00fcr direktes Sonnenlicht und helle Bedingungen, reduzieren Blendung und Reflexionen der Sonne, daher ist die Raptor Schwimmbrille perfekt f\u00fcr das Schwimmen im Freien.<\/p>\n<p>Zoggs<\/p>\n","protected":false},"featured_media":10094,"comment_status":"closed","ping_status":"closed","template":"","meta":[],"product_brand":[558],"product_cat":[73,76],"product_tag":[],"class_list":{"0":"post-10089","1":"product","2":"type-product","3":"status-publish","4":"has-post-thumbnail","6":"product_brand-zoggs","7":"product_cat-equipment","8":"product_cat-schwimbrille","10":"first","11":"instock","12":"shipping-taxable","13":"purchasable","14":"product-type-simple"},"_links":{"self":[{"href":"https:\/\/natation.ch\/de\/wp-json\/wp\/v2\/product\/10089","targetHints":{"allow":["GET"]}}],"collection":[{"href":"https:\/\/natation.ch\/de\/wp-json\/wp\/v2\/product"}],"about":[{"href":"https:\/\/natation.ch\/de\/wp-json\/wp\/v2\/types\/product"}],"replies":[{"embeddable":true,"href":"https:\/\/natation.ch\/de\/wp-json\/wp\/v2\/comments?post=10089"}],"wp:featuredmedia":[{"embeddable":true,"href":"https:\/\/natation.ch\/de\/wp-json\/wp\/v2\/media\/10094"}],"wp:attachment":[{"href":"https:\/\/natation.ch\/de\/wp-json\/wp\/v2\/media?parent=10089"}],"wp:term":[{"taxonomy":"product_brand","embeddable":true,"href":"https:\/\/natation.ch\/de\/wp-json\/wp\/v2\/product_brand?post=10089"},{"taxonomy":"product_cat","embeddable":true,"href":"https:\/\/natation.ch\/de\/wp-json\/wp\/v2\/product_cat?post=10089"},{"taxonomy":"product_tag","embeddable":true,"href":"https:\/\/natation.ch\/de\/wp-json\/wp\/v2\/product_tag?post=10089"}],"curies":[{"name":"wp","href":"https:\/\/api.w.org\/{rel}","templated":true}]}}