{"id":10076,"date":"2026-01-07T14:14:11","date_gmt":"2026-01-07T14:14:11","guid":{"rendered":"https:\/\/natation.ch\/product\/neoprensocken-3\/"},"modified":"2026-01-07T14:14:11","modified_gmt":"2026-01-07T14:14:11","slug":"neoprensocken-3","status":"publish","type":"product","link":"https:\/\/natation.ch\/de\/produkt\/neoprensocken-3\/","title":{"rendered":"Neoprensocken 3"},"content":{"rendered":"<div class=\"section-module-contents_container-5Da pb-sm pt-0\">\n<div class=\"productInformation-textBlock-OOB\">\n<ul>\n<li>3 mm Doppelstretch-Neopren<\/li>\n<li>Atmungsaktivit\u00e4t<\/li>\n<li>Verklebte Au\u00dfenn\u00e4hte<\/li>\n<li>Geeignet f\u00fcr offenes Gew\u00e4sser<\/li>\n<\/ul>\n<\/div>\n<\/div>\n","protected":false},"excerpt":{"rendered":"<p>Diese Zoggs Neo 3 Socken sind perfekt f\u00fcr Multisportler, besonders wenn Freiwasserschwimmen dazugeh\u00f6rt. Sie sind aus 3 mm Doppelstretch-Neopren gefertigt, das eine hervorragende W\u00e4rmeisolierung in kaltem Wasser bietet. Dieses Material sorgt f\u00fcr eine l\u00e4ngere Lebensdauer und bietet Ihnen gleichzeitig Atmungsaktivit\u00e4t und Bewegungsfreiheit. Das 3 mm Neopren ist extrem robust mit verklebten Au\u00dfenn\u00e4hten.   <\/p>\n","protected":false},"featured_media":10068,"comment_status":"open","ping_status":"closed","template":"","meta":[],"product_brand":[558],"product_cat":[68],"product_tag":[],"class_list":{"0":"post-10076","1":"product","2":"type-product","3":"status-publish","4":"has-post-thumbnail","6":"product_brand-zoggs","7":"product_cat-andere-zubehoerartikel","9":"first","10":"instock","11":"shipping-taxable","12":"purchasable","13":"product-type-variable"},"_links":{"self":[{"href":"https:\/\/natation.ch\/de\/wp-json\/wp\/v2\/product\/10076","targetHints":{"allow":["GET"]}}],"collection":[{"href":"https:\/\/natation.ch\/de\/wp-json\/wp\/v2\/product"}],"about":[{"href":"https:\/\/natation.ch\/de\/wp-json\/wp\/v2\/types\/product"}],"replies":[{"embeddable":true,"href":"https:\/\/natation.ch\/de\/wp-json\/wp\/v2\/comments?post=10076"}],"wp:featuredmedia":[{"embeddable":true,"href":"https:\/\/natation.ch\/de\/wp-json\/wp\/v2\/media\/10068"}],"wp:attachment":[{"href":"https:\/\/natation.ch\/de\/wp-json\/wp\/v2\/media?parent=10076"}],"wp:term":[{"taxonomy":"product_brand","embeddable":true,"href":"https:\/\/natation.ch\/de\/wp-json\/wp\/v2\/product_brand?post=10076"},{"taxonomy":"product_cat","embeddable":true,"href":"https:\/\/natation.ch\/de\/wp-json\/wp\/v2\/product_cat?post=10076"},{"taxonomy":"product_tag","embeddable":true,"href":"https:\/\/natation.ch\/de\/wp-json\/wp\/v2\/product_tag?post=10076"}],"curies":[{"name":"wp","href":"https:\/\/api.w.org\/{rel}","templated":true}]}}