{"id":10038,"date":"2026-01-07T13:35:24","date_gmt":"2026-01-07T13:35:24","guid":{"rendered":"https:\/\/natation.ch\/product\/reef-explorer\/"},"modified":"2026-01-07T13:35:24","modified_gmt":"2026-01-07T13:35:24","slug":"reef-explorer","status":"publish","type":"product","link":"https:\/\/natation.ch\/de\/produkt\/reef-explorer\/","title":{"rendered":"Reef Explorer"},"content":{"rendered":"<p>Silikon<\/p>\n","protected":false},"excerpt":{"rendered":"<p>Mit dem Zoggs Schnorchelset k\u00f6nnen Sie unter Wasser sehen und an der Oberfl\u00e4che atmen, ohne Ihr Gesicht aus dem Wasser nehmen zu m\u00fcssen.<\/p>\n<p>Gr\u00f6\u00dfe f\u00fcr Erwachsene<\/p>\n<p>Zoggs<\/p>\n","protected":false},"featured_media":10035,"comment_status":"open","ping_status":"closed","template":"","meta":[],"product_brand":[558],"product_cat":[338,76,91],"product_tag":[],"class_list":{"0":"post-10038","1":"product","2":"type-product","3":"status-publish","4":"has-post-thumbnail","6":"product_brand-zoggs","7":"product_cat-sales","8":"product_cat-schwimbrille","9":"product_cat-snorkel","11":"first","12":"instock","13":"sale","14":"shipping-taxable","15":"purchasable","16":"product-type-simple"},"_links":{"self":[{"href":"https:\/\/natation.ch\/de\/wp-json\/wp\/v2\/product\/10038","targetHints":{"allow":["GET"]}}],"collection":[{"href":"https:\/\/natation.ch\/de\/wp-json\/wp\/v2\/product"}],"about":[{"href":"https:\/\/natation.ch\/de\/wp-json\/wp\/v2\/types\/product"}],"replies":[{"embeddable":true,"href":"https:\/\/natation.ch\/de\/wp-json\/wp\/v2\/comments?post=10038"}],"wp:featuredmedia":[{"embeddable":true,"href":"https:\/\/natation.ch\/de\/wp-json\/wp\/v2\/media\/10035"}],"wp:attachment":[{"href":"https:\/\/natation.ch\/de\/wp-json\/wp\/v2\/media?parent=10038"}],"wp:term":[{"taxonomy":"product_brand","embeddable":true,"href":"https:\/\/natation.ch\/de\/wp-json\/wp\/v2\/product_brand?post=10038"},{"taxonomy":"product_cat","embeddable":true,"href":"https:\/\/natation.ch\/de\/wp-json\/wp\/v2\/product_cat?post=10038"},{"taxonomy":"product_tag","embeddable":true,"href":"https:\/\/natation.ch\/de\/wp-json\/wp\/v2\/product_tag?post=10038"}],"curies":[{"name":"wp","href":"https:\/\/api.w.org\/{rel}","templated":true}]}}