{"id":8459,"date":"2025-11-21T21:54:24","date_gmt":"2025-11-21T21:54:24","guid":{"rendered":"https:\/\/natation.ch\/startseite\/"},"modified":"2025-12-08T16:24:38","modified_gmt":"2025-12-08T16:24:38","slug":"startseite","status":"publish","type":"page","link":"https:\/\/natation.ch\/de\/","title":{"rendered":"Startseite"},"content":{"rendered":"\t\t<div data-elementor-type=\"wp-page\" data-elementor-id=\"8459\" class=\"elementor elementor-8459 elementor-44\" data-elementor-post-type=\"page\">\n\t\t\t\t<div class=\"elementor-element elementor-element-2b6618ee e-flex e-con-boxed e-con e-parent\" data-id=\"2b6618ee\" data-element_type=\"container\" data-e-type=\"container\">\n\t\t\t\t\t<div class=\"e-con-inner\">\n\t\t\t\t<div class=\"elementor-element elementor-element-6e9a5f67 elementor-widget elementor-widget-text-editor\" data-id=\"6e9a5f67\" data-element_type=\"widget\" data-e-type=\"widget\" data-widget_type=\"text-editor.default\">\n\t\t\t\t\t\t\t\t\t<div class=\"wp-block-group alignfull hostinger-ai-hero-for-online-store-2 hostinger-ai-background-image hostinger-ai-hero-opacity\">\n<div class=\"wp-block-group alignwide hostinger-ai-fade-up\" style=\"min-height: 800px; padding-top: var(--wp--preset--spacing--40); padding-bottom: var(--wp--preset--spacing--40);\">\n<div class=\"wp-block-group hostinger-ai-fade-up\">\n<h1 class=\"wp-block-heading has-text-align-center hostinger-ai-title hostinger-index-5 has-light-color has-text-color has-link-color has-xx-large-font-size\" style=\"margin: 0;\">Swim Strong<\/h1>\n<p class=\"has-text-align-center hostinger-ai-description hostinger-index-0 has-light-color has-text-color has-link-color has-medium-font-size\" style=\"margin-top: var(--wp--preset--spacing--20); margin-bottom: var(--wp--preset--spacing--50);\">Statten Sie sich mit Anz\u00fcgen, Schwimmbrillen und mehr f\u00fcr Ihre Schwimmleistung aus!<\/p>\n<div class=\"wp-block-buttons\">\n<div class=\"wp-block-button hostinger-ai-cta-button hostinger-index-6\"><a class=\"wp-block-button__link has-dark-color has-light-background-color has-text-color has-background has-link-color has-medium-font-size has-custom-font-size wp-element-button\" style=\"border-style: none; border-width: 0px; border-radius: 50px; box-shadow: none; padding: var(--wp--preset--spacing--30) var(--wp--preset--spacing--70) var(--wp--preset--spacing--30) var(--wp--preset--spacing--70);\" href=\"https:\/\/natation.ch\/shop\/\">Jetzt einkaufen<\/a><\/div>\n<\/div>\n<\/div>\n<\/div>\n<\/div>\n<div class=\"wp-block-group alignfull\" style=\"margin-top: 0; margin-bottom: 0; padding: calc( 0.5 * var(--wp--style--root--padding-right, var(--wp--custom--gap--horizontal))) var(--wp--style--root--padding-right, var(--wp--custom--gap--horizontal)) calc( 0.5 * var(--wp--style--root--padding-right, var(--wp--custom--gap--horizontal))) var(--wp--style--root--padding-left, var(--wp--custom--gap--horizontal));\">\n<div class=\"wp-block-group alignwide\" style=\"padding-top: var(--wp--preset--spacing--60); padding-bottom: var(--wp--preset--spacing--60);\">\n<div class=\"wp-block-spacer\" style=\"height: calc( 0.25 * var(--wp--style--root--padding-right, var(--wp--custom--gap--horizontal)));\" aria-hidden=\"true\"> <\/div>\n<h2 class=\"wp-block-heading has-text-align-center hostinger-ai-title has-x-large-font-size\" style=\"margin-top: 0; margin-bottom: var(--wp--preset--spacing--60);\">Shop nach Kategorie<\/h2>\n<div class=\"wp-block-group alignfull\" style=\"margin-top: 0; margin-bottom: 0; padding: calc( 0.5 * var(--wp--style--root--padding-right, var(--wp--custom--gap--horizontal))) var(--wp--style--root--padding-right, var(--wp--custom--gap--horizontal)) calc( 0.5 * var(--wp--style--root--padding-right, var(--wp--custom--gap--horizontal))) var(--wp--style--root--padding-left, var(--wp--custom--gap--horizontal));\">\n<div class=\"wp-block-spacer\" style=\"height: calc( 0.25 * var(--wp--style--root--padding-right, var(--wp--custom--gap--horizontal)));\" aria-hidden=\"true\"> <\/div>\n<div class=\"wp-block-columns alignwide has-color-1-background-color has-background\">\n<div class=\"wp-block-column is-vertically-aligned-center\" style=\"flex-basis: 40%;\">\n<p class=\"has-text-align-center\" style=\"padding-top: 0; padding-bottom: 0; font-size: 21px;\">Durchschwimmen Sie das Wasser mit unseren Top-Rennanz\u00fcgen. Schwimmen Sie stilvoll mit unseren strapazierf\u00e4higen, farbenfrohen Badeanz\u00fcgen. Verbessern Sie Ihren Stil mit unserer Trainingsausr\u00fcstung. <strong>\u00dcber 1.000 Artikel<\/strong> f\u00fcr Schwimmen auf allen Niveaus.<\/p>\n<\/div>\n<div class=\"wp-block-column\">\n<div class=\"wp-block-columns alignwide\">\n<div class=\"wp-block-column\">\n<div class=\"wp-block-cover\"><img fetchpriority=\"high\" decoding=\"async\" width=\"1080\" height=\"1080\" class=\"wp-block-cover__image-background wp-image-3640\" src=\"https:\/\/natation.ch\/wp-content\/uploads\/2025\/11\/037923.jpg\" alt=\"\" data-object-fit=\"cover\" srcset=\"https:\/\/natation.ch\/wp-content\/uploads\/2025\/11\/037923.jpg 1080w, https:\/\/natation.ch\/wp-content\/uploads\/2025\/11\/037923-300x300.jpg 300w, https:\/\/natation.ch\/wp-content\/uploads\/2025\/11\/037923-100x100.jpg 100w, https:\/\/natation.ch\/wp-content\/uploads\/2025\/11\/037923-600x600.jpg 600w, https:\/\/natation.ch\/wp-content\/uploads\/2025\/11\/037923-1024x1024.jpg 1024w, https:\/\/natation.ch\/wp-content\/uploads\/2025\/11\/037923-150x150.jpg 150w, https:\/\/natation.ch\/wp-content\/uploads\/2025\/11\/037923-768x768.jpg 768w\" sizes=\"(max-width: 1080px) 100vw, 1080px\" \/>\n<div class=\"wp-block-cover__inner-container\">\n<p class=\"has-text-align-center\" style=\"font-size: 34px;\">Badeanz\u00fcge<\/p>\n<div class=\"wp-block-buttons\">\n<div class=\"wp-block-button has-custom-width wp-block-button__width-50\"><a class=\"wp-block-button__link has-dark-color has-text-color has-background has-link-color wp-element-button\" style=\"background-color: #fefefe;\" href=\"https:\/\/natation.ch\/de\/product-category\/badeanzuege\/\"><strong>jetzt einkaufen<\/strong><\/a><\/div>\n<\/div>\n<\/div>\n<\/div>\n<div class=\"wp-block-cover\"><img decoding=\"async\" width=\"1200\" height=\"1200\" class=\"wp-block-cover__image-background wp-image-3632\" src=\"https:\/\/natation.ch\/wp-content\/uploads\/2025\/11\/3.45.098-BlueCobalt-Usage.Main-10.avif\" alt=\"\" data-object-fit=\"cover\" srcset=\"https:\/\/natation.ch\/wp-content\/uploads\/2025\/11\/3.45.098-BlueCobalt-Usage.Main-10.avif 1200w, https:\/\/natation.ch\/wp-content\/uploads\/2025\/11\/3.45.098-BlueCobalt-Usage.Main-10-300x300.avif 300w, https:\/\/natation.ch\/wp-content\/uploads\/2025\/11\/3.45.098-BlueCobalt-Usage.Main-10-100x100.avif 100w, https:\/\/natation.ch\/wp-content\/uploads\/2025\/11\/3.45.098-BlueCobalt-Usage.Main-10-600x600.avif 600w, https:\/\/natation.ch\/wp-content\/uploads\/2025\/11\/3.45.098-BlueCobalt-Usage.Main-10-1024x1024.avif 1024w, https:\/\/natation.ch\/wp-content\/uploads\/2025\/11\/3.45.098-BlueCobalt-Usage.Main-10-150x150.avif 150w, https:\/\/natation.ch\/wp-content\/uploads\/2025\/11\/3.45.098-BlueCobalt-Usage.Main-10-768x768.avif 768w\" sizes=\"(max-width: 1200px) 100vw, 1200px\" \/>\n<div class=\"wp-block-cover__inner-container\">\n<p class=\"has-text-align-center\" style=\"font-size: 34px;\">Ausr\u00fcstung<\/p>\n<div class=\"wp-block-buttons\">\n<div class=\"wp-block-button has-custom-width wp-block-button__width-50\"><a class=\"wp-block-button__link has-dark-color has-light-background-color has-text-color has-background has-link-color wp-element-button\" href=\"https:\/\/natation.ch\/de\/product-category\/equipment\/\"><strong>jetzt einkaufen<\/strong><\/a><\/div>\n<\/div>\n<\/div>\n<\/div>\n<\/div>\n<div class=\"wp-block-column\">\n<div class=\"wp-block-cover\"><img decoding=\"async\" width=\"1080\" height=\"1440\" class=\"wp-block-cover__image-background wp-image-3636\" src=\"https:\/\/natation.ch\/wp-content\/uploads\/2025\/11\/Venom-Hero-Man-blue-fuxia-3.jpg\" alt=\"\" data-object-fit=\"cover\" srcset=\"https:\/\/natation.ch\/wp-content\/uploads\/2025\/11\/Venom-Hero-Man-blue-fuxia-3.jpg 1080w, https:\/\/natation.ch\/wp-content\/uploads\/2025\/11\/Venom-Hero-Man-blue-fuxia-3-600x800.jpg 600w, https:\/\/natation.ch\/wp-content\/uploads\/2025\/11\/Venom-Hero-Man-blue-fuxia-3-225x300.jpg 225w, https:\/\/natation.ch\/wp-content\/uploads\/2025\/11\/Venom-Hero-Man-blue-fuxia-3-768x1024.jpg 768w\" sizes=\"(max-width: 1080px) 100vw, 1080px\" \/>\n<div class=\"wp-block-cover__inner-container\">\n<p class=\"has-text-align-center\" style=\"font-size: 34px;\">Rennanz\u00fcge<\/p>\n<div class=\"wp-block-buttons\">\n<div class=\"wp-block-button has-custom-width wp-block-button__width-50\"><a class=\"wp-block-button__link has-dark-color has-text-color has-background has-link-color wp-element-button\" style=\"background-color: #fbfbfb;\" href=\"https:\/\/natation.ch\/de\/product-category\/women\/\"><strong>jetzt einkaufen<\/strong><\/a><\/div>\n<\/div>\n<\/div>\n<\/div>\n<div class=\"wp-block-cover\"><img loading=\"lazy\" decoding=\"async\" width=\"1200\" height=\"1200\" class=\"wp-block-cover__image-background wp-image-3628\" src=\"https:\/\/natation.ch\/wp-content\/uploads\/2025\/11\/1.30.058-BlackAcidGreen-Usage.Main-2.avif\" alt=\"\" data-object-fit=\"cover\" srcset=\"https:\/\/natation.ch\/wp-content\/uploads\/2025\/11\/1.30.058-BlackAcidGreen-Usage.Main-2.avif 1200w, https:\/\/natation.ch\/wp-content\/uploads\/2025\/11\/1.30.058-BlackAcidGreen-Usage.Main-2-300x300.avif 300w, https:\/\/natation.ch\/wp-content\/uploads\/2025\/11\/1.30.058-BlackAcidGreen-Usage.Main-2-100x100.avif 100w, https:\/\/natation.ch\/wp-content\/uploads\/2025\/11\/1.30.058-BlackAcidGreen-Usage.Main-2-600x600.avif 600w, https:\/\/natation.ch\/wp-content\/uploads\/2025\/11\/1.30.058-BlackAcidGreen-Usage.Main-2-1024x1024.avif 1024w, https:\/\/natation.ch\/wp-content\/uploads\/2025\/11\/1.30.058-BlackAcidGreen-Usage.Main-2-150x150.avif 150w, https:\/\/natation.ch\/wp-content\/uploads\/2025\/11\/1.30.058-BlackAcidGreen-Usage.Main-2-768x768.avif 768w\" sizes=\"(max-width: 1200px) 100vw, 1200px\" \/>\n<div class=\"wp-block-cover__inner-container\">\n<p class=\"has-text-align-center\" style=\"font-size: 34px;\">Zubeh\u00f6r<\/p>\n<div class=\"wp-block-buttons\">\n<div class=\"wp-block-button has-custom-width wp-block-button__width-50\"><a class=\"wp-block-button__link has-dark-color has-light-background-color has-text-color has-background has-link-color has-text-align-center wp-element-button\" href=\"https:\/\/natation.ch\/de\/product-category\/zubehor\/\"><strong>jetzt einkaufen<\/strong><\/a><\/div>\n<\/div>\n<\/div>\n<\/div>\n<\/div>\n<\/div>\n<\/div>\n<\/div>\n<div class=\"wp-block-spacer\" style=\"height: calc( 0.25 * var(--wp--style--root--padding-right, var(--wp--custom--gap--horizontal)));\" aria-hidden=\"true\"> <\/div>\n<\/div>\n<div class=\"wp-block-spacer\" style=\"height: var(--wp--preset--spacing--20);\" aria-hidden=\"true\"> <\/div>\n<div class=\"wp-block-group alignwide\">\n<div class=\"wp-block-woocommerce-product-collection\">\n<h2 class=\"wp-block-heading has-text-align-center has-x-large-font-size\" style=\"margin-bottom: 1rem;\">Neu eingetroffen<\/h2>\n<\/div>\n<div class=\"wp-block-buttons hostinger-ai-cta-button\" style=\"margin-top: var(--wp--preset--spacing--80);\">\n<div class=\"wp-block-button hostinger-ai-cta-button is-style-outline\"><a class=\"wp-block-button__link has-dark-color has-contrast-background-color has-text-color has-background has-link-color has-border-color has-medium-font-size has-custom-font-size wp-element-button\" style=\"border-color: #0d141a; border-width: 1px; border-radius: 50px; box-shadow: none; padding: var(--wp--preset--spacing--30) var(--wp--preset--spacing--70) var(--wp--preset--spacing--30) var(--wp--preset--spacing--70);\" href=\"http:\/\/www.natation.ch\/shop\">Shop<\/a><\/div>\n<\/div>\n<\/div>\n<div class=\"wp-block-spacer\" style=\"height: calc( 0.25 * var(--wp--style--root--padding-right, var(--wp--custom--gap--horizontal)));\" aria-hidden=\"true\"> <\/div>\n<\/div>\n<\/div>\n<div class=\"wp-block-group alignfull\" style=\"margin-top: 0; margin-bottom: 0; padding: var(--wp--preset--spacing--60) var(--wp--style--root--padding-right, var(--wp--custom--gap--horizontal)) var(--wp--preset--spacing--60) var(--wp--style--root--padding-left, var(--wp--custom--gap--horizontal));\">\n<div class=\"wp-block-columns alignwide\" style=\"margin-top: 0px; margin-bottom: 0px; padding: 0;\">\n<div class=\"wp-block-column\" style=\"padding: 0 var(--wp--preset--spacing--20) 0 0;\">\n<div class=\"wp-block-cover is-light has-white-color hostinger-ai-cover-image\" style=\"border-radius: 16px; padding-bottom: 56px;\"><img decoding=\"async\" class=\"wp-block-cover__image-background wp-image-1\" style=\"object-position: 17% 30%;\" src=\"https:\/\/images.unsplash.com\/photo-1531996844892-d39b7802035a?q=85&amp;w=550&amp;h=430&amp;fit=crop\" alt=\"Ein Schwimmer mit einem farbenfrohen, gemusterten Badeanzug steht am Rand eines Hallenbades. Die Person tr\u00e4gt eine gr\u00fcne Badekappe und scheint bereit zum Schwimmen zu sein. Der Poolbereich ist blau und wei\u00df dekoriert, mit einer leicht gewellten Wasseroberfl\u00e4che. Die Umgebung deutet auf eine Hallenwettkampfschwimmanlage hin.\" data-object-fit=\"cover\" data-object-position=\"17% 30%\">\n<div class=\"wp-block-cover__inner-container\">\n<p class=\"has-text-align-center hostinger-ai-description has-link-color has-medium-font-size\" style=\"margin-top: 0; margin-bottom: var(--wp--preset--spacing--20); padding-top: 0; padding-bottom: 0;\">Vereinsausstattung zu vorteilhaften Konditionen.<\/p>\n<h4 class=\"wp-block-heading has-text-align-center hostinger-ai-title has-x-large-font-size\" style=\"margin-top: 1px; margin-bottom: 24px;\">Vereine<\/h4>\n<div class=\"wp-block-buttons hostinger-ai-cta-button\" style=\"margin-top: var(--wp--preset--spacing--40);\">\n<div class=\"wp-block-button hostinger-ai-cta-button\"><a class=\"wp-block-button__link has-dark-color has-light-background-color has-text-color has-background has-link-color has-medium-font-size has-custom-font-size wp-element-button\" style=\"border-style: none; border-width: 0px; border-radius: 50px; box-shadow: none; padding: var(--wp--preset--spacing--30) var(--wp--preset--spacing--70) var(--wp--preset--spacing--30) var(--wp--preset--spacing--70);\" href=\"https:\/\/natation.ch\/clubs\/\">Mehr Infos<\/a><\/div>\n<\/div>\n<\/div>\n<\/div>\n<\/div>\n<div class=\"wp-block-column\" style=\"padding-left: var(--wp--preset--spacing--20);\">\n<div class=\"wp-block-cover is-light has-white-color hostinger-ai-cover-image hostinger-index-1\" style=\"border-radius: 16px; padding-bottom: 56px;\"><img decoding=\"async\" class=\"wp-block-cover__image-background wp-image-1\" src=\"https:\/\/images.unsplash.com\/photo-1591195984653-69a357f5c195?q=85&amp;w=550&amp;h=430&amp;fit=crop\" alt=\"Ein Freibad ist von einer Steinterrasse umgeben, auf der ein Paar Schwimmbrillen am Beckenrand platziert sind. Der Pool befindet sich unter einer wei\u00dfen, offenen Pergola, und \u00fcppige gr\u00fcne B\u00e4ume und B\u00fcsche sind im Hintergrund sichtbar.\" data-object-fit=\"cover\">\n<div class=\"wp-block-cover__inner-container\">\n<p class=\"has-text-align-center hostinger-ai-description hostinger-index-1 has-link-color has-medium-font-size\" style=\"margin-top: 0; margin-bottom: var(--wp--preset--spacing--20); padding-top: 0; padding-bottom: 0;\">Nutzen Sie unsere aktuellen Sonderangebote!!<\/p>\n<h4 class=\"wp-block-heading has-text-align-center hostinger-ai-title hostinger-index-1 has-x-large-font-size\" style=\"margin-top: 1px; margin-bottom: 24px;\">Angebote<\/h4>\n<div class=\"wp-block-buttons hostinger-ai-cta-button hostinger-index-1\" style=\"margin-top: var(--wp--preset--spacing--40);\">\n<div class=\"wp-block-button hostinger-ai-cta-button\"><a class=\"wp-block-button__link has-dark-color has-light-background-color has-text-color has-background has-link-color has-medium-font-size has-custom-font-size wp-element-button\" style=\"border-style: none; border-width: 0px; border-radius: 50px; box-shadow: none; padding: var(--wp--preset--spacing--30) var(--wp--preset--spacing--70) var(--wp--preset--spacing--30) var(--wp--preset--spacing--70);\" href=\"https:\/\/natation.ch\/product\/sales\/\">Shop<\/a><\/div>\n<\/div>\n<\/div>\n<\/div>\n<\/div>\n<\/div>\n<\/div>\n<div class=\"wp-block-group alignfull hostinger-ai-solid-block hostinger-ai-fade-up has-color-1-background-color has-background\" style=\"padding-top: var(--wp--preset--spacing--60); padding-bottom: var(--wp--preset--spacing--60);\">\n<div class=\"wp-block-group alignwide hostinger-ai-fade-up\" style=\"min-height: 0px; padding-top: 0; padding-bottom: 0;\">\n<div class=\"wp-block-group hostinger-ai-fade-up\">\n<h2 class=\"wp-block-heading has-text-align-center hostinger-ai-title has-dark-color has-text-color has-link-color has-x-large-font-size\" style=\"margin: 0;\">Tauchen Sie ein<\/h2>\n<p class=\"has-text-align-center hostinger-ai-description has-dark-color has-text-color has-link-color has-medium-font-size\" style=\"margin-top: var(--wp--preset--spacing--20); margin-bottom: var(--wp--preset--spacing--50);\">Statten Sie sich mit Badeanz\u00fcgen und Accessoires aus, die f\u00fcr Schwimmclub-Champions entwickelt wurden.<\/p>\n<div class=\"wp-block-buttons\">\n<div class=\"wp-block-button hostinger-ai-cta-button\"><a class=\"wp-block-button__link has-dark-color has-contrast-background-color has-text-color has-background has-link-color has-border-color has-medium-font-size has-custom-font-size wp-element-button\" style=\"border-color: #0d141a; border-width: 1px; border-radius: 50px; box-shadow: none; padding: var(--wp--preset--spacing--30) var(--wp--preset--spacing--70) var(--wp--preset--spacing--30) var(--wp--preset--spacing--70);\" href=\"https:\/\/natation.ch\/shop\/\">Shop<\/a><\/div>\n<\/div>\n<\/div>\n<\/div>\n<\/div>\t\t\t\t\t\t\t\t<\/div>\n\t\t\t\t\t<\/div>\n\t\t\t\t<\/div>\n\t\t\t\t<\/div>\n\t\t","protected":false},"excerpt":{"rendered":"<p>Swim Strong Statten Sie sich mit Anz\u00fcgen, Schwimmbrillen und mehr f\u00fcr Ihre Schwimmleistung aus! Jetzt einkaufen Shop nach Kategorie Durchschwimmen Sie das Wasser mit unseren Top-Rennanz\u00fcgen. Schwimmen Sie stilvoll mit unseren strapazierf\u00e4higen, farbenfrohen Badeanz\u00fcgen. Verbessern Sie Ihren Stil mit unserer Trainingsausr\u00fcstung. \u00dcber 1.000 Artikel f\u00fcr Schwimmen auf allen Niveaus. Badeanz\u00fcge jetzt einkaufen Ausr\u00fcstung jetzt einkaufen [&hellip;]<\/p>\n","protected":false},"author":1,"featured_media":0,"parent":0,"menu_order":0,"comment_status":"closed","ping_status":"closed","template":"","meta":{"footnotes":""},"class_list":["post-8459","page","type-page","status-publish","hentry"],"_hostinger_reach_plugin_has_subscription_block":false,"_hostinger_reach_plugin_is_elementor":false,"_links":{"self":[{"href":"https:\/\/natation.ch\/de\/wp-json\/wp\/v2\/pages\/8459","targetHints":{"allow":["GET"]}}],"collection":[{"href":"https:\/\/natation.ch\/de\/wp-json\/wp\/v2\/pages"}],"about":[{"href":"https:\/\/natation.ch\/de\/wp-json\/wp\/v2\/types\/page"}],"author":[{"embeddable":true,"href":"https:\/\/natation.ch\/de\/wp-json\/wp\/v2\/users\/1"}],"replies":[{"embeddable":true,"href":"https:\/\/natation.ch\/de\/wp-json\/wp\/v2\/comments?post=8459"}],"version-history":[{"count":1,"href":"https:\/\/natation.ch\/de\/wp-json\/wp\/v2\/pages\/8459\/revisions"}],"predecessor-version":[{"id":8460,"href":"https:\/\/natation.ch\/de\/wp-json\/wp\/v2\/pages\/8459\/revisions\/8460"}],"wp:attachment":[{"href":"https:\/\/natation.ch\/de\/wp-json\/wp\/v2\/media?parent=8459"}],"curies":[{"name":"wp","href":"https:\/\/api.w.org\/{rel}","templated":true}]}}